{"id":3959,"date":"2025-08-26T11:08:29","date_gmt":"2025-08-26T11:08:29","guid":{"rendered":"https:\/\/zenwood.es\/carrito\/"},"modified":"2025-11-03T13:35:49","modified_gmt":"2025-11-03T13:35:49","slug":"carrito","status":"publish","type":"page","link":"https:\/\/zenwood.es\/de\/carrito\/","title":{"rendered":"Carrito"},"content":{"rendered":"<div data-elementor-type=\"wp-page\" data-elementor-id=\"3959\" class=\"elementor elementor-3959\" data-elementor-post-type=\"page\">\n\t\t\t\t<div class=\"elementor-element elementor-element-a6df0c8 e-flex e-con-boxed e-con e-parent\" data-id=\"a6df0c8\" data-element_type=\"container\" data-e-type=\"container\">\n\t\t\t\t\t<div class=\"e-con-inner\">\n\t\t\t\t\t<\/div>\n\t\t\t\t<\/div>\n\t\t\t\t<\/div>","protected":false},"excerpt":{"rendered":"<p>Remover item Imagem de miniatura Produto Pre\u00e7o Quantidade Subtotal &times; WHITE ASH OBT\u00c9N TU MUESTRA &#8211; Alerce Options: Alerce 3,00&nbsp;&euro; WHITE ASH OBT\u00c9N TU MUESTRA &#8211; Alerce quantidade 3,00&nbsp;&euro; &times; DEEP CHAR OBT\u00c9N TU MUESTRA &#8211; Alerce Options: Alerce 3,00&nbsp;&euro; DEEP CHAR OBT\u00c9N TU MUESTRA &#8211; Alerce quantidade 3,00&nbsp;&euro; &times; LUNAR OBT\u00c9N TU MUESTRA &#8211; [&hellip;]<\/p>\n","protected":false},"author":1,"featured_media":0,"parent":0,"menu_order":0,"comment_status":"closed","ping_status":"closed","template":"","meta":{"_acf_changed":false,"_joinchat":[],"footnotes":""},"class_list":["post-3959","page","type-page","status-publish","hentry"],"acf":[],"yoast_head":"<!-- This site is optimized with the Yoast SEO plugin v27.4 - https:\/\/yoast.com\/product\/yoast-seo-wordpress\/ -->\n<title>Carrito - Zenwood<\/title>\n<meta name=\"robots\" content=\"index, follow, max-snippet:-1, max-image-preview:large, max-video-preview:-1\" \/>\n<link rel=\"canonical\" href=\"https:\/\/zenwood.es\/de\/carrito\/\" \/>\n<meta property=\"og:locale\" content=\"de_DE\" \/>\n<meta property=\"og:type\" content=\"article\" \/>\n<meta property=\"og:title\" content=\"Carrito - Zenwood\" \/>\n<meta property=\"og:description\" content=\"Remover item Imagem de miniatura Produto Pre\u00e7o Quantidade Subtotal &times; WHITE ASH OBT\u00c9N TU MUESTRA &#8211; Alerce Options: Alerce 3,00&nbsp;&euro; WHITE ASH OBT\u00c9N TU MUESTRA &#8211; Alerce quantidade 3,00&nbsp;&euro; &times; DEEP CHAR OBT\u00c9N TU MUESTRA &#8211; Alerce Options: Alerce 3,00&nbsp;&euro; DEEP CHAR OBT\u00c9N TU MUESTRA &#8211; Alerce quantidade 3,00&nbsp;&euro; &times; LUNAR OBT\u00c9N TU MUESTRA &#8211; [&hellip;]\" \/>\n<meta property=\"og:url\" content=\"https:\/\/zenwood.es\/de\/carrito\/\" \/>\n<meta property=\"og:site_name\" content=\"Zenwood\" \/>\n<meta property=\"article:publisher\" content=\"https:\/\/www.facebook.com\/zenwoodes\/\" \/>\n<meta property=\"article:modified_time\" content=\"2025-11-03T13:35:49+00:00\" \/>\n<meta property=\"og:image\" content=\"https:\/\/zenwood.es\/wp-content\/uploads\/2025\/06\/naturalPNG-9-300x300.jpg\" \/>\n<meta name=\"twitter:card\" content=\"summary_large_image\" \/>\n<meta name=\"twitter:label1\" content=\"Gesch\u00e4tzte Lesezeit\" \/>\n\t<meta name=\"twitter:data1\" content=\"1\u00a0Minute\" \/>\n<script type=\"application\/ld+json\" class=\"yoast-schema-graph\">{\"@context\":\"https:\\\/\\\/schema.org\",\"@graph\":[{\"@type\":\"WebPage\",\"@id\":\"https:\\\/\\\/zenwood.es\\\/de\\\/carrito\\\/\",\"url\":\"https:\\\/\\\/zenwood.es\\\/de\\\/carrito\\\/\",\"name\":\"Carrito - Zenwood\",\"isPartOf\":{\"@id\":\"https:\\\/\\\/zenwood.es\\\/#website\"},\"primaryImageOfPage\":{\"@id\":\"https:\\\/\\\/zenwood.es\\\/de\\\/carrito\\\/#primaryimage\"},\"image\":{\"@id\":\"https:\\\/\\\/zenwood.es\\\/de\\\/carrito\\\/#primaryimage\"},\"thumbnailUrl\":\"https:\\\/\\\/zenwood.es\\\/wp-content\\\/uploads\\\/2025\\\/06\\\/naturalPNG-9-300x300.jpg\",\"datePublished\":\"2025-08-26T11:08:29+00:00\",\"dateModified\":\"2025-11-03T13:35:49+00:00\",\"breadcrumb\":{\"@id\":\"https:\\\/\\\/zenwood.es\\\/de\\\/carrito\\\/#breadcrumb\"},\"inLanguage\":\"de\",\"potentialAction\":[{\"@type\":\"ReadAction\",\"target\":[\"https:\\\/\\\/zenwood.es\\\/de\\\/carrito\\\/\"]}]},{\"@type\":\"ImageObject\",\"inLanguage\":\"de\",\"@id\":\"https:\\\/\\\/zenwood.es\\\/de\\\/carrito\\\/#primaryimage\",\"url\":\"https:\\\/\\\/zenwood.es\\\/wp-content\\\/uploads\\\/2025\\\/06\\\/naturalPNG-9-300x300.jpg\",\"contentUrl\":\"https:\\\/\\\/zenwood.es\\\/wp-content\\\/uploads\\\/2025\\\/06\\\/naturalPNG-9-300x300.jpg\"},{\"@type\":\"BreadcrumbList\",\"@id\":\"https:\\\/\\\/zenwood.es\\\/de\\\/carrito\\\/#breadcrumb\",\"itemListElement\":[{\"@type\":\"ListItem\",\"position\":1,\"name\":\"Portada\",\"item\":\"https:\\\/\\\/zenwood.es\\\/\"},{\"@type\":\"ListItem\",\"position\":2,\"name\":\"Carrito\"}]},{\"@type\":\"WebSite\",\"@id\":\"https:\\\/\\\/zenwood.es\\\/#website\",\"url\":\"https:\\\/\\\/zenwood.es\\\/\",\"name\":\"Zenwood\",\"description\":\"touched by nature\",\"publisher\":{\"@id\":\"https:\\\/\\\/zenwood.es\\\/#organization\"},\"potentialAction\":[{\"@type\":\"SearchAction\",\"target\":{\"@type\":\"EntryPoint\",\"urlTemplate\":\"https:\\\/\\\/zenwood.es\\\/?s={search_term_string}\"},\"query-input\":{\"@type\":\"PropertyValueSpecification\",\"valueRequired\":true,\"valueName\":\"search_term_string\"}}],\"inLanguage\":\"de\"},{\"@type\":\"Organization\",\"@id\":\"https:\\\/\\\/zenwood.es\\\/#organization\",\"name\":\"Zenwood\",\"url\":\"https:\\\/\\\/zenwood.es\\\/\",\"logo\":{\"@type\":\"ImageObject\",\"inLanguage\":\"de\",\"@id\":\"https:\\\/\\\/zenwood.es\\\/#\\\/schema\\\/logo\\\/image\\\/\",\"url\":\"https:\\\/\\\/zenwood.es\\\/wp-content\\\/uploads\\\/2025\\\/05\\\/logo-1.png\",\"contentUrl\":\"https:\\\/\\\/zenwood.es\\\/wp-content\\\/uploads\\\/2025\\\/05\\\/logo-1.png\",\"width\":524,\"height\":83,\"caption\":\"Zenwood\"},\"image\":{\"@id\":\"https:\\\/\\\/zenwood.es\\\/#\\\/schema\\\/logo\\\/image\\\/\"},\"sameAs\":[\"https:\\\/\\\/www.facebook.com\\\/zenwoodes\\\/\",\"https:\\\/\\\/www.instagram.com\\\/zenwoodes\",\"https:\\\/\\\/www.linkedin.com\\\/company\\\/zenwoodes\\\/\",\"https:\\\/\\\/www.youtube.com\\\/@ZENWOODes\"]}]}<\/script>\n<!-- \/ Yoast SEO plugin. -->","yoast_head_json":{"title":"Carrito - Zenwood","robots":{"index":"index","follow":"follow","max-snippet":"max-snippet:-1","max-image-preview":"max-image-preview:large","max-video-preview":"max-video-preview:-1"},"canonical":"https:\/\/zenwood.es\/de\/carrito\/","og_locale":"de_DE","og_type":"article","og_title":"Carrito - Zenwood","og_description":"Remover item Imagem de miniatura Produto Pre\u00e7o Quantidade Subtotal &times; WHITE ASH OBT\u00c9N TU MUESTRA &#8211; Alerce Options: Alerce 3,00&nbsp;&euro; WHITE ASH OBT\u00c9N TU MUESTRA &#8211; Alerce quantidade 3,00&nbsp;&euro; &times; DEEP CHAR OBT\u00c9N TU MUESTRA &#8211; Alerce Options: Alerce 3,00&nbsp;&euro; DEEP CHAR OBT\u00c9N TU MUESTRA &#8211; Alerce quantidade 3,00&nbsp;&euro; &times; LUNAR OBT\u00c9N TU MUESTRA &#8211; [&hellip;]","og_url":"https:\/\/zenwood.es\/de\/carrito\/","og_site_name":"Zenwood","article_publisher":"https:\/\/www.facebook.com\/zenwoodes\/","article_modified_time":"2025-11-03T13:35:49+00:00","og_image":[{"url":"https:\/\/zenwood.es\/wp-content\/uploads\/2025\/06\/naturalPNG-9-300x300.jpg","type":"","width":"","height":""}],"twitter_card":"summary_large_image","twitter_misc":{"Gesch\u00e4tzte Lesezeit":"1\u00a0Minute"},"schema":{"@context":"https:\/\/schema.org","@graph":[{"@type":"WebPage","@id":"https:\/\/zenwood.es\/de\/carrito\/","url":"https:\/\/zenwood.es\/de\/carrito\/","name":"Carrito - Zenwood","isPartOf":{"@id":"https:\/\/zenwood.es\/#website"},"primaryImageOfPage":{"@id":"https:\/\/zenwood.es\/de\/carrito\/#primaryimage"},"image":{"@id":"https:\/\/zenwood.es\/de\/carrito\/#primaryimage"},"thumbnailUrl":"https:\/\/zenwood.es\/wp-content\/uploads\/2025\/06\/naturalPNG-9-300x300.jpg","datePublished":"2025-08-26T11:08:29+00:00","dateModified":"2025-11-03T13:35:49+00:00","breadcrumb":{"@id":"https:\/\/zenwood.es\/de\/carrito\/#breadcrumb"},"inLanguage":"de","potentialAction":[{"@type":"ReadAction","target":["https:\/\/zenwood.es\/de\/carrito\/"]}]},{"@type":"ImageObject","inLanguage":"de","@id":"https:\/\/zenwood.es\/de\/carrito\/#primaryimage","url":"https:\/\/zenwood.es\/wp-content\/uploads\/2025\/06\/naturalPNG-9-300x300.jpg","contentUrl":"https:\/\/zenwood.es\/wp-content\/uploads\/2025\/06\/naturalPNG-9-300x300.jpg"},{"@type":"BreadcrumbList","@id":"https:\/\/zenwood.es\/de\/carrito\/#breadcrumb","itemListElement":[{"@type":"ListItem","position":1,"name":"Portada","item":"https:\/\/zenwood.es\/"},{"@type":"ListItem","position":2,"name":"Carrito"}]},{"@type":"WebSite","@id":"https:\/\/zenwood.es\/#website","url":"https:\/\/zenwood.es\/","name":"Zenwood","description":"touched by nature","publisher":{"@id":"https:\/\/zenwood.es\/#organization"},"potentialAction":[{"@type":"SearchAction","target":{"@type":"EntryPoint","urlTemplate":"https:\/\/zenwood.es\/?s={search_term_string}"},"query-input":{"@type":"PropertyValueSpecification","valueRequired":true,"valueName":"search_term_string"}}],"inLanguage":"de"},{"@type":"Organization","@id":"https:\/\/zenwood.es\/#organization","name":"Zenwood","url":"https:\/\/zenwood.es\/","logo":{"@type":"ImageObject","inLanguage":"de","@id":"https:\/\/zenwood.es\/#\/schema\/logo\/image\/","url":"https:\/\/zenwood.es\/wp-content\/uploads\/2025\/05\/logo-1.png","contentUrl":"https:\/\/zenwood.es\/wp-content\/uploads\/2025\/05\/logo-1.png","width":524,"height":83,"caption":"Zenwood"},"image":{"@id":"https:\/\/zenwood.es\/#\/schema\/logo\/image\/"},"sameAs":["https:\/\/www.facebook.com\/zenwoodes\/","https:\/\/www.instagram.com\/zenwoodes","https:\/\/www.linkedin.com\/company\/zenwoodes\/","https:\/\/www.youtube.com\/@ZENWOODes"]}]}},"_links":{"self":[{"href":"https:\/\/zenwood.es\/de\/wp-json\/wp\/v2\/pages\/3959","targetHints":{"allow":["GET"]}}],"collection":[{"href":"https:\/\/zenwood.es\/de\/wp-json\/wp\/v2\/pages"}],"about":[{"href":"https:\/\/zenwood.es\/de\/wp-json\/wp\/v2\/types\/page"}],"author":[{"embeddable":true,"href":"https:\/\/zenwood.es\/de\/wp-json\/wp\/v2\/users\/1"}],"replies":[{"embeddable":true,"href":"https:\/\/zenwood.es\/de\/wp-json\/wp\/v2\/comments?post=3959"}],"version-history":[{"count":43,"href":"https:\/\/zenwood.es\/de\/wp-json\/wp\/v2\/pages\/3959\/revisions"}],"predecessor-version":[{"id":5361,"href":"https:\/\/zenwood.es\/de\/wp-json\/wp\/v2\/pages\/3959\/revisions\/5361"}],"wp:attachment":[{"href":"https:\/\/zenwood.es\/de\/wp-json\/wp\/v2\/media?parent=3959"}],"curies":[{"name":"wp","href":"https:\/\/api.w.org\/{rel}","templated":true}]}}