{"id":4385,"date":"2025-09-11T06:29:35","date_gmt":"2025-09-11T06:29:35","guid":{"rendered":"https:\/\/zenwood.es\/?page_id=4385"},"modified":"2025-09-19T12:26:16","modified_gmt":"2025-09-19T12:26:16","slug":"aviso-legal","status":"publish","type":"page","link":"https:\/\/zenwood.es\/de\/aviso-legal\/","title":{"rendered":"Aviso Legal"},"content":{"rendered":"<div data-elementor-type=\"wp-page\" data-elementor-id=\"4385\" class=\"elementor elementor-4385\" data-elementor-post-type=\"page\">\n\t\t\t\t<div class=\"elementor-element elementor-element-47c8e8a e-flex e-con-boxed e-con e-parent\" data-id=\"47c8e8a\" data-element_type=\"container\" data-e-type=\"container\" data-settings=\"{&quot;background_background&quot;:&quot;classic&quot;}\">\n\t\t\t\t\t<div class=\"e-con-inner\">\n\t\t<div class=\"elementor-element elementor-element-07efde6 e-con-full e-flex e-con e-child\" data-id=\"07efde6\" data-element_type=\"container\" data-e-type=\"container\">\n\t\t\t\t<div class=\"elementor-element elementor-element-b30c436 elementor-widget elementor-widget-shortcode\" data-id=\"b30c436\" data-element_type=\"widget\" data-e-type=\"widget\" data-widget_type=\"shortcode.default\">\n\t\t\t\t\t\t\t<div class=\"elementor-shortcode\"><span><span><a href=\"https:\/\/zenwood.es\/de\">Titelseite<\/a><\/span><\/span><\/div>\n\t\t\t\t\t\t<\/div>\n\t\t\t\t<\/div>\n\t\t<div class=\"elementor-element elementor-element-aafc363 e-con-full e-flex e-con e-child\" data-id=\"aafc363\" data-element_type=\"container\" data-e-type=\"container\">\n\t\t\t\t<div class=\"elementor-element elementor-element-af696f6 elementor-widget elementor-widget-image\" data-id=\"af696f6\" data-element_type=\"widget\" data-e-type=\"widget\" data-widget_type=\"image.default\">\n\t\t\t\t\t\t\t\t\t\t\t\t\t\t\t<img fetchpriority=\"high\" decoding=\"async\" width=\"438\" height=\"471\" src=\"https:\/\/zenwood.es\/wp-content\/uploads\/2025\/05\/Frame-50-2.png\" class=\"attachment-large size-large wp-image-208\" alt=\"zenwood\" srcset=\"https:\/\/zenwood.es\/wp-content\/uploads\/2025\/05\/Frame-50-2.png.webp 438w, https:\/\/zenwood.es\/wp-content\/uploads\/2025\/05\/Frame-50-2-279x300.png.webp 279w\" sizes=\"(max-width: 438px) 100vw, 438px\" \/>\t\t\t\t\t\t\t\t\t\t\t\t\t\t\t<\/div>\n\t\t\t\t<\/div>\n\t\t\t\t\t<\/div>\n\t\t\t\t<\/div>\n\t\t<div class=\"elementor-element elementor-element-dc40700 e-flex e-con-boxed e-con e-parent\" data-id=\"dc40700\" data-element_type=\"container\" data-e-type=\"container\">\n\t\t\t\t\t<div class=\"e-con-inner\">\n\t\t\t\t<div class=\"elementor-element elementor-element-53f9d45 elementor-widget elementor-widget-text-editor\" data-id=\"53f9d45\" data-element_type=\"widget\" data-e-type=\"widget\" data-widget_type=\"text-editor.default\">\n\t\t\t\t\t\t\t\t\t<div><div>En cumplimiento de la Ley 34\/2002 de Servicios de la Sociedad de la Informaci\u00f3n (LSSI-CE), se informa que el presente sitio web, bajo el dominio zenwood.es (en adelante, el \u201cSitio Web\u201d), es titularidad de ZENWOOD SOLUTIONS, S.L. (en adelante, \u201cZenwood\u201d). Los datos identificativos del titular son los siguientes:<\/div><br \/><div>Denominaci\u00f3n social: Zenwood Solutions, S.L. (Sociedad Unipersonal)<\/div><div>C.I.F.: B19952068<\/div><div>Domicilio social: Carrer dels Pins, 6, 08629 Torrelles de Llobregat, Barcelona (Espa\u00f1a)<\/div><div>Correo electr\u00f3nico: hola@zenwood.es<\/div><div>Tel\u00e9fono de contacto: +34 613 099 044<\/div><div>Datos registrales: Inscrita en el Registro Mercantil de Barcelona, Hoja B-619520,<\/div><br \/><div>Inscripci\u00f3n 1\u00aa. Administrador \u00danico: D.<\/div><br \/><div>Aurimas Palianskas (NIE Y7554458F). Zenwood es la responsable y prestadora de los servicios ofrecidos a trav\u00e9s del Sitio Web. El acceso, navegaci\u00f3n y uso de este Sitio Web atribuye la condici\u00f3n de usuario, implicando la aceptaci\u00f3n de todas las condiciones legales aqu\u00ed expuestas. Si el usuario no estuviera de acuerdo con estas condiciones, deber\u00e1 abstenerse de utilizar el Sitio Web.<\/div><br \/><div>Propiedad intelectual e industrial: Todos los contenidos del Sitio Web (textos, im\u00e1genes, logotipos, dise\u00f1os, software, c\u00f3digo fuente, etc.) son propiedad de Zenwood Solutions, S.L. o de sus licenciantes, y se encuentran protegidos por la normativa de propiedad intelectual e industrial. Queda prohibida su reproducci\u00f3n, distribuci\u00f3n, comunicaci\u00f3n p\u00fablica, transformaci\u00f3n o cualquier otra forma de explotaci\u00f3n no autorizada expresamente por el titular. En particular, \u201cZenwood\u201d es una marca registrada de Zenwood Solutions, S.L., y su uso queda estrictamente prohibido sin consentimiento previo y por escrito de la empresa.<\/div><br \/><div>Limitaci\u00f3n de responsabilidad: Zenwood procura que la informaci\u00f3n ofrecida en el Sitio Web sea exacta y est\u00e9 actualizada. No obstante, no podemos garantizar la total ausencia de errores u omisiones en los contenidos. Zenwood no se hace responsable de las interpretaciones o uso indebido de la informaci\u00f3n del Sitio Web. Del mismo modo, Zenwood no asume responsabilidad alguna por los contenidos de terceros accesibles mediante enlaces (links) o hiperv\u00ednculos desde este Sitio Web; la presencia de estos enlaces es \u00fanicamente informativa y no implica relaci\u00f3n comercial alguna ni aceptaci\u00f3n de los contenidos de las p\u00e1ginas enlazadas.<\/div><br \/><div>Zenwood se reserva el derecho de modificar, actualizar o eliminar en cualquier momento y sin previo aviso los contenidos, la presentaci\u00f3n y la configuraci\u00f3n del Sitio Web, as\u00ed como las presentes condiciones legales, por lo que se recomienda al usuario su lectura peri\u00f3dica. En caso de dudas sobre la informaci\u00f3n contenida en el Sitio Web o sobre estas condiciones legales, puede ponerse en contacto con Zenwood a trav\u00e9s del correo electr\u00f3nico indicado arriba.<\/div><\/div><p><!-- \/wp:paragraph --><\/p>\t\t\t\t\t\t\t\t<\/div>\n\t\t\t\t\t<\/div>\n\t\t\t\t<\/div>\n\t\t\t\t<\/div>","protected":false},"excerpt":{"rendered":"<p>En cumplimiento de la Ley 34\/2002 de Servicios de la Sociedad de la Informaci\u00f3n (LSSI-CE), se informa que el presente sitio web, bajo el dominio zenwood.es (en adelante, el \u201cSitio Web\u201d), es titularidad de ZENWOOD SOLUTIONS, S.L. (en adelante, \u201cZenwood\u201d). Los datos identificativos del titular son los siguientes:Denominaci\u00f3n social: Zenwood Solutions, S.L. (Sociedad Unipersonal)C.I.F.: B19952068Domicilio [&hellip;]<\/p>\n","protected":false},"author":5,"featured_media":0,"parent":0,"menu_order":0,"comment_status":"closed","ping_status":"closed","template":"elementor_header_footer","meta":{"_acf_changed":false,"_joinchat":[],"footnotes":""},"class_list":["post-4385","page","type-page","status-publish","hentry"],"acf":[],"yoast_head":"<!-- This site is optimized with the Yoast SEO plugin v27.3 - https:\/\/yoast.com\/product\/yoast-seo-wordpress\/ -->\n<title>Aviso Legal - Zenwood<\/title>\n<meta name=\"robots\" content=\"index, follow, max-snippet:-1, max-image-preview:large, max-video-preview:-1\" \/>\n<link rel=\"canonical\" href=\"https:\/\/zenwood.es\/de\/aviso-legal\/\" \/>\n<meta property=\"og:locale\" content=\"de_DE\" \/>\n<meta property=\"og:type\" content=\"article\" \/>\n<meta property=\"og:title\" content=\"Aviso Legal - Zenwood\" \/>\n<meta property=\"og:description\" content=\"En cumplimiento de la Ley 34\/2002 de Servicios de la Sociedad de la Informaci\u00f3n (LSSI-CE), se informa que el presente sitio web, bajo el dominio zenwood.es (en adelante, el \u201cSitio Web\u201d), es titularidad de ZENWOOD SOLUTIONS, S.L. (en adelante, \u201cZenwood\u201d). Los datos identificativos del titular son los siguientes:Denominaci\u00f3n social: Zenwood Solutions, S.L. (Sociedad Unipersonal)C.I.F.: B19952068Domicilio [&hellip;]\" \/>\n<meta property=\"og:url\" content=\"https:\/\/zenwood.es\/de\/aviso-legal\/\" \/>\n<meta property=\"og:site_name\" content=\"Zenwood\" \/>\n<meta property=\"article:publisher\" content=\"https:\/\/www.facebook.com\/zenwoodes\/\" \/>\n<meta property=\"article:modified_time\" content=\"2025-09-19T12:26:16+00:00\" \/>\n<meta property=\"og:image\" content=\"https:\/\/zenwood.es\/wp-content\/uploads\/2025\/05\/Frame-50-2.png\" \/>\n<meta name=\"twitter:card\" content=\"summary_large_image\" \/>\n<meta name=\"twitter:label1\" content=\"Gesch\u00e4tzte Lesezeit\" \/>\n\t<meta name=\"twitter:data1\" content=\"2\u00a0Minuten\" \/>\n<script type=\"application\/ld+json\" class=\"yoast-schema-graph\">{\"@context\":\"https:\\\/\\\/schema.org\",\"@graph\":[{\"@type\":\"WebPage\",\"@id\":\"https:\\\/\\\/zenwood.es\\\/fr\\\/aviso-legal\\\/\",\"url\":\"https:\\\/\\\/zenwood.es\\\/fr\\\/aviso-legal\\\/\",\"name\":\"Aviso Legal - Zenwood\",\"isPartOf\":{\"@id\":\"https:\\\/\\\/zenwood.es\\\/#website\"},\"primaryImageOfPage\":{\"@id\":\"https:\\\/\\\/zenwood.es\\\/fr\\\/aviso-legal\\\/#primaryimage\"},\"image\":{\"@id\":\"https:\\\/\\\/zenwood.es\\\/fr\\\/aviso-legal\\\/#primaryimage\"},\"thumbnailUrl\":\"https:\\\/\\\/zenwood.es\\\/wp-content\\\/uploads\\\/2025\\\/05\\\/Frame-50-2.png\",\"datePublished\":\"2025-09-11T06:29:35+00:00\",\"dateModified\":\"2025-09-19T12:26:16+00:00\",\"breadcrumb\":{\"@id\":\"https:\\\/\\\/zenwood.es\\\/fr\\\/aviso-legal\\\/#breadcrumb\"},\"inLanguage\":\"de\",\"potentialAction\":[{\"@type\":\"ReadAction\",\"target\":[\"https:\\\/\\\/zenwood.es\\\/fr\\\/aviso-legal\\\/\"]}]},{\"@type\":\"ImageObject\",\"inLanguage\":\"de\",\"@id\":\"https:\\\/\\\/zenwood.es\\\/fr\\\/aviso-legal\\\/#primaryimage\",\"url\":\"https:\\\/\\\/zenwood.es\\\/wp-content\\\/uploads\\\/2025\\\/05\\\/Frame-50-2.png\",\"contentUrl\":\"https:\\\/\\\/zenwood.es\\\/wp-content\\\/uploads\\\/2025\\\/05\\\/Frame-50-2.png\"},{\"@type\":\"BreadcrumbList\",\"@id\":\"https:\\\/\\\/zenwood.es\\\/fr\\\/aviso-legal\\\/#breadcrumb\",\"itemListElement\":[{\"@type\":\"ListItem\",\"position\":1,\"name\":\"Portada\",\"item\":\"https:\\\/\\\/zenwood.es\\\/\"},{\"@type\":\"ListItem\",\"position\":2,\"name\":\"Aviso Legal\"}]},{\"@type\":\"WebSite\",\"@id\":\"https:\\\/\\\/zenwood.es\\\/#website\",\"url\":\"https:\\\/\\\/zenwood.es\\\/\",\"name\":\"Zenwood\",\"description\":\"touched by nature\",\"publisher\":{\"@id\":\"https:\\\/\\\/zenwood.es\\\/#organization\"},\"potentialAction\":[{\"@type\":\"SearchAction\",\"target\":{\"@type\":\"EntryPoint\",\"urlTemplate\":\"https:\\\/\\\/zenwood.es\\\/?s={search_term_string}\"},\"query-input\":{\"@type\":\"PropertyValueSpecification\",\"valueRequired\":true,\"valueName\":\"search_term_string\"}}],\"inLanguage\":\"de\"},{\"@type\":\"Organization\",\"@id\":\"https:\\\/\\\/zenwood.es\\\/#organization\",\"name\":\"Zenwood\",\"url\":\"https:\\\/\\\/zenwood.es\\\/\",\"logo\":{\"@type\":\"ImageObject\",\"inLanguage\":\"de\",\"@id\":\"https:\\\/\\\/zenwood.es\\\/#\\\/schema\\\/logo\\\/image\\\/\",\"url\":\"https:\\\/\\\/zenwood.es\\\/wp-content\\\/uploads\\\/2025\\\/05\\\/logo-1.png\",\"contentUrl\":\"https:\\\/\\\/zenwood.es\\\/wp-content\\\/uploads\\\/2025\\\/05\\\/logo-1.png\",\"width\":524,\"height\":83,\"caption\":\"Zenwood\"},\"image\":{\"@id\":\"https:\\\/\\\/zenwood.es\\\/#\\\/schema\\\/logo\\\/image\\\/\"},\"sameAs\":[\"https:\\\/\\\/www.facebook.com\\\/zenwoodes\\\/\",\"https:\\\/\\\/www.instagram.com\\\/zenwoodes\",\"https:\\\/\\\/www.linkedin.com\\\/company\\\/zenwoodes\\\/\",\"https:\\\/\\\/www.youtube.com\\\/@ZENWOODes\"]}]}<\/script>\n<!-- \/ Yoast SEO plugin. -->","yoast_head_json":{"title":"Aviso Legal - Zenwood","robots":{"index":"index","follow":"follow","max-snippet":"max-snippet:-1","max-image-preview":"max-image-preview:large","max-video-preview":"max-video-preview:-1"},"canonical":"https:\/\/zenwood.es\/de\/aviso-legal\/","og_locale":"de_DE","og_type":"article","og_title":"Aviso Legal - Zenwood","og_description":"En cumplimiento de la Ley 34\/2002 de Servicios de la Sociedad de la Informaci\u00f3n (LSSI-CE), se informa que el presente sitio web, bajo el dominio zenwood.es (en adelante, el \u201cSitio Web\u201d), es titularidad de ZENWOOD SOLUTIONS, S.L. (en adelante, \u201cZenwood\u201d). Los datos identificativos del titular son los siguientes:Denominaci\u00f3n social: Zenwood Solutions, S.L. (Sociedad Unipersonal)C.I.F.: B19952068Domicilio [&hellip;]","og_url":"https:\/\/zenwood.es\/de\/aviso-legal\/","og_site_name":"Zenwood","article_publisher":"https:\/\/www.facebook.com\/zenwoodes\/","article_modified_time":"2025-09-19T12:26:16+00:00","og_image":[{"url":"https:\/\/zenwood.es\/wp-content\/uploads\/2025\/05\/Frame-50-2.png","type":"","width":"","height":""}],"twitter_card":"summary_large_image","twitter_misc":{"Gesch\u00e4tzte Lesezeit":"2\u00a0Minuten"},"schema":{"@context":"https:\/\/schema.org","@graph":[{"@type":"WebPage","@id":"https:\/\/zenwood.es\/fr\/aviso-legal\/","url":"https:\/\/zenwood.es\/fr\/aviso-legal\/","name":"Aviso Legal - Zenwood","isPartOf":{"@id":"https:\/\/zenwood.es\/#website"},"primaryImageOfPage":{"@id":"https:\/\/zenwood.es\/fr\/aviso-legal\/#primaryimage"},"image":{"@id":"https:\/\/zenwood.es\/fr\/aviso-legal\/#primaryimage"},"thumbnailUrl":"https:\/\/zenwood.es\/wp-content\/uploads\/2025\/05\/Frame-50-2.png","datePublished":"2025-09-11T06:29:35+00:00","dateModified":"2025-09-19T12:26:16+00:00","breadcrumb":{"@id":"https:\/\/zenwood.es\/fr\/aviso-legal\/#breadcrumb"},"inLanguage":"de","potentialAction":[{"@type":"ReadAction","target":["https:\/\/zenwood.es\/fr\/aviso-legal\/"]}]},{"@type":"ImageObject","inLanguage":"de","@id":"https:\/\/zenwood.es\/fr\/aviso-legal\/#primaryimage","url":"https:\/\/zenwood.es\/wp-content\/uploads\/2025\/05\/Frame-50-2.png","contentUrl":"https:\/\/zenwood.es\/wp-content\/uploads\/2025\/05\/Frame-50-2.png"},{"@type":"BreadcrumbList","@id":"https:\/\/zenwood.es\/fr\/aviso-legal\/#breadcrumb","itemListElement":[{"@type":"ListItem","position":1,"name":"Portada","item":"https:\/\/zenwood.es\/"},{"@type":"ListItem","position":2,"name":"Aviso Legal"}]},{"@type":"WebSite","@id":"https:\/\/zenwood.es\/#website","url":"https:\/\/zenwood.es\/","name":"Zenwood","description":"touched by nature","publisher":{"@id":"https:\/\/zenwood.es\/#organization"},"potentialAction":[{"@type":"SearchAction","target":{"@type":"EntryPoint","urlTemplate":"https:\/\/zenwood.es\/?s={search_term_string}"},"query-input":{"@type":"PropertyValueSpecification","valueRequired":true,"valueName":"search_term_string"}}],"inLanguage":"de"},{"@type":"Organization","@id":"https:\/\/zenwood.es\/#organization","name":"Zenwood","url":"https:\/\/zenwood.es\/","logo":{"@type":"ImageObject","inLanguage":"de","@id":"https:\/\/zenwood.es\/#\/schema\/logo\/image\/","url":"https:\/\/zenwood.es\/wp-content\/uploads\/2025\/05\/logo-1.png","contentUrl":"https:\/\/zenwood.es\/wp-content\/uploads\/2025\/05\/logo-1.png","width":524,"height":83,"caption":"Zenwood"},"image":{"@id":"https:\/\/zenwood.es\/#\/schema\/logo\/image\/"},"sameAs":["https:\/\/www.facebook.com\/zenwoodes\/","https:\/\/www.instagram.com\/zenwoodes","https:\/\/www.linkedin.com\/company\/zenwoodes\/","https:\/\/www.youtube.com\/@ZENWOODes"]}]}},"_links":{"self":[{"href":"https:\/\/zenwood.es\/de\/wp-json\/wp\/v2\/pages\/4385","targetHints":{"allow":["GET"]}}],"collection":[{"href":"https:\/\/zenwood.es\/de\/wp-json\/wp\/v2\/pages"}],"about":[{"href":"https:\/\/zenwood.es\/de\/wp-json\/wp\/v2\/types\/page"}],"author":[{"embeddable":true,"href":"https:\/\/zenwood.es\/de\/wp-json\/wp\/v2\/users\/5"}],"replies":[{"embeddable":true,"href":"https:\/\/zenwood.es\/de\/wp-json\/wp\/v2\/comments?post=4385"}],"version-history":[{"count":16,"href":"https:\/\/zenwood.es\/de\/wp-json\/wp\/v2\/pages\/4385\/revisions"}],"predecessor-version":[{"id":4806,"href":"https:\/\/zenwood.es\/de\/wp-json\/wp\/v2\/pages\/4385\/revisions\/4806"}],"wp:attachment":[{"href":"https:\/\/zenwood.es\/de\/wp-json\/wp\/v2\/media?parent=4385"}],"curies":[{"name":"wp","href":"https:\/\/api.w.org\/{rel}","templated":true}]}}