{"id":11,"date":"2025-05-15T21:12:47","date_gmt":"2025-05-15T21:12:47","guid":{"rendered":"https:\/\/zenwood.es\/?page_id=11"},"modified":"2025-09-24T11:04:58","modified_gmt":"2025-09-24T11:04:58","slug":"soluciones-zen","status":"publish","type":"page","link":"https:\/\/zenwood.es\/fr\/soluciones-zen\/","title":{"rendered":"SOLUCIONES ZEN"},"content":{"rendered":"<div data-elementor-type=\"wp-page\" data-elementor-id=\"11\" class=\"elementor elementor-11\" data-elementor-post-type=\"page\">\n\t\t\t\t<div class=\"elementor-element elementor-element-b24d281 e-flex e-con-boxed e-con e-parent\" data-id=\"b24d281\" data-element_type=\"container\" data-e-type=\"container\" data-settings=\"{&quot;background_background&quot;:&quot;classic&quot;}\">\n\t\t\t\t\t<div class=\"e-con-inner\">\n\t\t<div class=\"elementor-element elementor-element-55ce05d e-con-full e-flex e-con e-child\" data-id=\"55ce05d\" data-element_type=\"container\" data-e-type=\"container\">\n\t\t\t\t<div class=\"elementor-element elementor-element-36ce9ba elementor-widget elementor-widget-heading\" data-id=\"36ce9ba\" data-element_type=\"widget\" data-e-type=\"widget\" data-widget_type=\"heading.default\">\n\t\t\t\t\t<h1 class=\"elementor-heading-title elementor-size-default\">Soluciones Zen<\/h1>\t\t\t\t<\/div>\n\t\t\t\t<div class=\"elementor-element elementor-element-55b1c37 elementor-widget elementor-widget-shortcode\" data-id=\"55b1c37\" data-element_type=\"widget\" data-e-type=\"widget\" data-widget_type=\"shortcode.default\">\n\t\t\t\t\t\t\t<div class=\"elementor-shortcode\"><span><span><a href=\"https:\/\/zenwood.es\/fr\">Premi\u00e8re page<\/a><\/span><\/span><\/div>\n\t\t\t\t\t\t<\/div>\n\t\t\t\t<\/div>\n\t\t<div class=\"elementor-element elementor-element-d3227d6 e-con-full e-flex e-con e-child\" data-id=\"d3227d6\" data-element_type=\"container\" data-e-type=\"container\">\n\t\t\t\t<div class=\"elementor-element elementor-element-abb0cc9 elementor-widget elementor-widget-image\" data-id=\"abb0cc9\" data-element_type=\"widget\" data-e-type=\"widget\" data-widget_type=\"image.default\">\n\t\t\t\t\t\t\t\t\t\t\t\t\t\t\t<img fetchpriority=\"high\" decoding=\"async\" width=\"438\" height=\"471\" src=\"https:\/\/zenwood.es\/wp-content\/uploads\/2025\/05\/Frame-50.png\" class=\"attachment-large size-large wp-image-181\" alt=\"Logo Zenwood \u2013 Especialistas en madera quemada Yakisugi\" srcset=\"https:\/\/zenwood.es\/wp-content\/uploads\/2025\/05\/Frame-50.png 438w, https:\/\/zenwood.es\/wp-content\/uploads\/2025\/05\/Frame-50-279x300.png 279w\" sizes=\"(max-width: 438px) 100vw, 438px\" \/>\t\t\t\t\t\t\t\t\t\t\t\t\t\t\t<\/div>\n\t\t\t\t<\/div>\n\t\t\t\t\t<\/div>\n\t\t\t\t<\/div>\n\t\t<div class=\"elementor-element elementor-element-4e5145c e-flex e-con-boxed e-con e-parent\" data-id=\"4e5145c\" data-element_type=\"container\" data-e-type=\"container\">\n\t\t\t\t\t<div class=\"e-con-inner\">\n\t\t<div class=\"elementor-element elementor-element-e735ded e-con-full e-flex e-con e-child\" data-id=\"e735ded\" data-element_type=\"container\" data-e-type=\"container\">\n\t\t\t\t<div class=\"elementor-element elementor-element-600fe92 elementor-widget elementor-widget-image-box\" data-id=\"600fe92\" data-element_type=\"widget\" data-e-type=\"widget\" data-widget_type=\"image-box.default\">\n\t\t\t\t\t<div class=\"elementor-image-box-wrapper\"><div class=\"elementor-image-box-content\"><h2 class=\"elementor-image-box-title\">Fachadas<\/h2><p class=\"elementor-image-box-description\">Dale a tu edificio un aspecto natural y lujoso con nuestras l\u00e1minas de madera quemada. Nuestra tecnolog\u00eda garantiza que tu fachada no solo sea hermosa, sino tambi\u00e9n resistente a las condiciones clim\u00e1ticas adversas.<\/p><\/div><\/div>\t\t\t\t<\/div>\n\t\t\t\t<div class=\"elementor-element elementor-element-04da60c elementor-align-left elementor-widget elementor-widget-button\" data-id=\"04da60c\" data-element_type=\"widget\" data-e-type=\"widget\" data-widget_type=\"button.default\">\n\t\t\t\t\t\t\t\t\t\t<a class=\"elementor-button elementor-button-link elementor-size-sm\" href=\"https:\/\/zenwood.es\/fr\/facades\/\">\n\t\t\t\t\t\t<span class=\"elementor-button-content-wrapper\">\n\t\t\t\t\t\t\t\t\t<span class=\"elementor-button-text\">Ver m\u00e1s<\/span>\n\t\t\t\t\t<\/span>\n\t\t\t\t\t<\/a>\n\t\t\t\t\t\t\t\t<\/div>\n\t\t\t\t<\/div>\n\t\t<div class=\"elementor-element elementor-element-dee976e e-con-full e-flex e-con e-child\" data-id=\"dee976e\" data-element_type=\"container\" data-e-type=\"container\">\n\t\t\t\t<div class=\"elementor-element elementor-element-70ed41a elementor-widget elementor-widget-image\" data-id=\"70ed41a\" data-element_type=\"widget\" data-e-type=\"widget\" data-widget_type=\"image.default\">\n\t\t\t\t\t\t\t\t\t\t\t\t\t\t\t<img decoding=\"async\" width=\"901\" height=\"901\" src=\"https:\/\/zenwood.es\/wp-content\/uploads\/2025\/06\/IMG_20191020_095052_604-1.jpg\" class=\"attachment-full size-full wp-image-354\" alt=\"zenwood\" srcset=\"https:\/\/zenwood.es\/wp-content\/uploads\/2025\/06\/IMG_20191020_095052_604-1.jpg 901w, https:\/\/zenwood.es\/wp-content\/uploads\/2025\/06\/IMG_20191020_095052_604-1-300x300.jpg 300w, https:\/\/zenwood.es\/wp-content\/uploads\/2025\/06\/IMG_20191020_095052_604-1-100x100.jpg 100w, https:\/\/zenwood.es\/wp-content\/uploads\/2025\/06\/IMG_20191020_095052_604-1-600x600.jpg 600w, https:\/\/zenwood.es\/wp-content\/uploads\/2025\/06\/IMG_20191020_095052_604-1-150x150.jpg 150w, https:\/\/zenwood.es\/wp-content\/uploads\/2025\/06\/IMG_20191020_095052_604-1-768x768.jpg 768w, https:\/\/zenwood.es\/wp-content\/uploads\/2025\/06\/IMG_20191020_095052_604-1-12x12.jpg 12w\" sizes=\"(max-width: 901px) 100vw, 901px\" \/>\t\t\t\t\t\t\t\t\t\t\t\t\t\t\t<\/div>\n\t\t\t\t<\/div>\n\t\t\t\t\t<\/div>\n\t\t\t\t<\/div>\n\t\t<div class=\"elementor-element elementor-element-8852009 e-flex e-con-boxed e-con e-parent\" data-id=\"8852009\" data-element_type=\"container\" data-e-type=\"container\">\n\t\t\t\t\t<div class=\"e-con-inner\">\n\t\t<div class=\"elementor-element elementor-element-a28c5ee e-con-full e-flex e-con e-child\" data-id=\"a28c5ee\" data-element_type=\"container\" data-e-type=\"container\">\n\t\t\t\t<div class=\"elementor-element elementor-element-80c5b55 elementor-widget elementor-widget-image-box\" data-id=\"80c5b55\" data-element_type=\"widget\" data-e-type=\"widget\" data-widget_type=\"image-box.default\">\n\t\t\t\t\t<div class=\"elementor-image-box-wrapper\"><div class=\"elementor-image-box-content\"><h3 class=\"elementor-image-box-title\">Terrazas<\/h3><p class=\"elementor-image-box-description\">Disfruta de una terraza elegante y resistente con nuestra madera carbonizada para suelos. Nuestra tecnolog\u00eda garantiza que tu espacio al aire libre se mantenga impecable durante a\u00f1os, resistiendo a la intemperie y a los insectos.<\/p><\/div><\/div>\t\t\t\t<\/div>\n\t\t\t\t<div class=\"elementor-element elementor-element-0562dc4 elementor-align-left elementor-widget elementor-widget-button\" data-id=\"0562dc4\" data-element_type=\"widget\" data-e-type=\"widget\" data-widget_type=\"button.default\">\n\t\t\t\t\t\t\t\t\t\t<a class=\"elementor-button elementor-button-link elementor-size-sm\" href=\"https:\/\/zenwood.es\/fr\/terrasses\/\">\n\t\t\t\t\t\t<span class=\"elementor-button-content-wrapper\">\n\t\t\t\t\t\t\t\t\t<span class=\"elementor-button-text\">Ver m\u00e1s<\/span>\n\t\t\t\t\t<\/span>\n\t\t\t\t\t<\/a>\n\t\t\t\t\t\t\t\t<\/div>\n\t\t\t\t<\/div>\n\t\t<div class=\"elementor-element elementor-element-fba4daf e-con-full e-flex e-con e-child\" data-id=\"fba4daf\" data-element_type=\"container\" data-e-type=\"container\">\n\t\t\t\t<div class=\"elementor-element elementor-element-b5a2ce9 elementor-widget elementor-widget-image\" data-id=\"b5a2ce9\" data-element_type=\"widget\" data-e-type=\"widget\" data-widget_type=\"image.default\">\n\t\t\t\t\t\t\t\t\t\t\t\t\t\t\t<img decoding=\"async\" width=\"901\" height=\"901\" src=\"https:\/\/zenwood.es\/wp-content\/uploads\/2025\/06\/Raseiniai-8-1.jpg\" class=\"attachment-full size-full wp-image-355\" alt=\"Terraza de madera carbonizada con mobiliario de exterior y calabazas decorativas sobre la mesa. La fachada oscura y los grandes ventanales reflejan el entorno natural, creando un espacio moderno y acogedor en plena naturaleza.\" srcset=\"https:\/\/zenwood.es\/wp-content\/uploads\/2025\/06\/Raseiniai-8-1.jpg 901w, https:\/\/zenwood.es\/wp-content\/uploads\/2025\/06\/Raseiniai-8-1-300x300.jpg 300w, https:\/\/zenwood.es\/wp-content\/uploads\/2025\/06\/Raseiniai-8-1-100x100.jpg 100w, https:\/\/zenwood.es\/wp-content\/uploads\/2025\/06\/Raseiniai-8-1-600x600.jpg 600w, https:\/\/zenwood.es\/wp-content\/uploads\/2025\/06\/Raseiniai-8-1-150x150.jpg 150w, https:\/\/zenwood.es\/wp-content\/uploads\/2025\/06\/Raseiniai-8-1-768x768.jpg 768w, https:\/\/zenwood.es\/wp-content\/uploads\/2025\/06\/Raseiniai-8-1-12x12.jpg 12w\" sizes=\"(max-width: 901px) 100vw, 901px\" \/>\t\t\t\t\t\t\t\t\t\t\t\t\t\t\t<\/div>\n\t\t\t\t<\/div>\n\t\t\t\t\t<\/div>\n\t\t\t\t<\/div>\n\t\t<div class=\"elementor-element elementor-element-91b85a2 e-flex e-con-boxed e-con e-parent\" data-id=\"91b85a2\" data-element_type=\"container\" data-e-type=\"container\">\n\t\t\t\t\t<div class=\"e-con-inner\">\n\t\t<div class=\"elementor-element elementor-element-59e04f0 e-con-full e-flex e-con e-child\" data-id=\"59e04f0\" data-element_type=\"container\" data-e-type=\"container\">\n\t\t\t\t<div class=\"elementor-element elementor-element-184ecba elementor-widget elementor-widget-image-box\" data-id=\"184ecba\" data-element_type=\"widget\" data-e-type=\"widget\" data-widget_type=\"image-box.default\">\n\t\t\t\t\t<div class=\"elementor-image-box-wrapper\"><div class=\"elementor-image-box-content\"><h3 class=\"elementor-image-box-title\">Interiores<\/h3><p class=\"elementor-image-box-description\">Eleva el dise\u00f1o de tu hogar con nuestra madera quemada para interiores. Adem\u00e1s de ser est\u00e9ticamente hermosa, nuestra madera carbonizada es respetuosa con el medio ambiente y beneficia tu salud.\u00a0<\/p><\/div><\/div>\t\t\t\t<\/div>\n\t\t\t\t<div class=\"elementor-element elementor-element-58b13c3 elementor-align-left elementor-widget elementor-widget-button\" data-id=\"58b13c3\" data-element_type=\"widget\" data-e-type=\"widget\" data-widget_type=\"button.default\">\n\t\t\t\t\t\t\t\t\t\t<a class=\"elementor-button elementor-button-link elementor-size-sm\" href=\"https:\/\/zenwood.es\/fr\/interieurs\/\">\n\t\t\t\t\t\t<span class=\"elementor-button-content-wrapper\">\n\t\t\t\t\t\t\t\t\t<span class=\"elementor-button-text\">Ver m\u00e1s<\/span>\n\t\t\t\t\t<\/span>\n\t\t\t\t\t<\/a>\n\t\t\t\t\t\t\t\t<\/div>\n\t\t\t\t<\/div>\n\t\t<div class=\"elementor-element elementor-element-7c20ec7 e-con-full e-flex e-con e-child\" data-id=\"7c20ec7\" data-element_type=\"container\" data-e-type=\"container\">\n\t\t\t\t<div class=\"elementor-element elementor-element-846ffb4 elementor-widget elementor-widget-image\" data-id=\"846ffb4\" data-element_type=\"widget\" data-e-type=\"widget\" data-widget_type=\"image.default\">\n\t\t\t\t\t\t\t\t\t\t\t\t\t\t\t<img loading=\"lazy\" decoding=\"async\" width=\"901\" height=\"901\" src=\"https:\/\/zenwood.es\/wp-content\/uploads\/2025\/06\/Domek-Borzestova_Interior_5-1.jpg\" class=\"attachment-full size-full wp-image-360\" alt=\"Sal\u00f3n moderno con pared y techo de madera yakisugi oscura con vigas vistas. Sof\u00e1 gris, mesa de centro redonda negra, puf gris claro, alfombra de fibras naturales y estufa negra, creando un ambiente c\u00e1lido y elegante.\" srcset=\"https:\/\/zenwood.es\/wp-content\/uploads\/2025\/06\/Domek-Borzestova_Interior_5-1.jpg 901w, https:\/\/zenwood.es\/wp-content\/uploads\/2025\/06\/Domek-Borzestova_Interior_5-1-300x300.jpg 300w, https:\/\/zenwood.es\/wp-content\/uploads\/2025\/06\/Domek-Borzestova_Interior_5-1-100x100.jpg 100w, https:\/\/zenwood.es\/wp-content\/uploads\/2025\/06\/Domek-Borzestova_Interior_5-1-600x600.jpg 600w, https:\/\/zenwood.es\/wp-content\/uploads\/2025\/06\/Domek-Borzestova_Interior_5-1-150x150.jpg 150w, https:\/\/zenwood.es\/wp-content\/uploads\/2025\/06\/Domek-Borzestova_Interior_5-1-768x768.jpg 768w, https:\/\/zenwood.es\/wp-content\/uploads\/2025\/06\/Domek-Borzestova_Interior_5-1-12x12.jpg 12w\" sizes=\"(max-width: 901px) 100vw, 901px\" \/>\t\t\t\t\t\t\t\t\t\t\t\t\t\t\t<\/div>\n\t\t\t\t<\/div>\n\t\t\t\t\t<\/div>\n\t\t\t\t<\/div>\n\t\t<div class=\"elementor-element elementor-element-6d5d871 e-flex e-con-boxed e-con e-parent\" data-id=\"6d5d871\" data-element_type=\"container\" data-e-type=\"container\">\n\t\t\t\t\t<div class=\"e-con-inner\">\n\t\t<div class=\"elementor-element elementor-element-a9e816c e-con-full e-flex e-con e-child\" data-id=\"a9e816c\" data-element_type=\"container\" data-e-type=\"container\">\n\t\t\t\t<div class=\"elementor-element elementor-element-a8ee60d elementor-widget elementor-widget-image-box\" data-id=\"a8ee60d\" data-element_type=\"widget\" data-e-type=\"widget\" data-widget_type=\"image-box.default\">\n\t\t\t\t\t<div class=\"elementor-image-box-wrapper\"><div class=\"elementor-image-box-content\"><h3 class=\"elementor-image-box-title\">Vallas<\/h3><p class=\"elementor-image-box-description\">Crea un entorno seguro y privado con nuestras vallas de madera quemada. Combina estilo y funcionalidad con nuestra selecci\u00f3n de productos duraderos y elegantes.<\/p><\/div><\/div>\t\t\t\t<\/div>\n\t\t\t\t<div class=\"elementor-element elementor-element-3eb5387 elementor-align-left elementor-widget elementor-widget-button\" data-id=\"3eb5387\" data-element_type=\"widget\" data-e-type=\"widget\" data-widget_type=\"button.default\">\n\t\t\t\t\t\t\t\t\t\t<a class=\"elementor-button elementor-button-link elementor-size-sm\" href=\"https:\/\/zenwood.es\/fr\/barrieres\/\">\n\t\t\t\t\t\t<span class=\"elementor-button-content-wrapper\">\n\t\t\t\t\t\t\t\t\t<span class=\"elementor-button-text\">Ver m\u00e1s<\/span>\n\t\t\t\t\t<\/span>\n\t\t\t\t\t<\/a>\n\t\t\t\t\t\t\t\t<\/div>\n\t\t\t\t<\/div>\n\t\t<div class=\"elementor-element elementor-element-b663084 e-con-full e-flex e-con e-child\" data-id=\"b663084\" data-element_type=\"container\" data-e-type=\"container\">\n\t\t\t\t<div class=\"elementor-element elementor-element-86f61e1 elementor-widget elementor-widget-image\" data-id=\"86f61e1\" data-element_type=\"widget\" data-e-type=\"widget\" data-widget_type=\"image.default\">\n\t\t\t\t\t\t\t\t\t\t\t\t\t\t\t<img loading=\"lazy\" decoding=\"async\" width=\"901\" height=\"901\" src=\"https:\/\/zenwood.es\/wp-content\/uploads\/2025\/06\/Imagen-de-WhatsApp-2025-06-03-a-las-15.47.40_e675413c-1.jpg\" class=\"attachment-full size-full wp-image-359\" alt=\"zenwood\" srcset=\"https:\/\/zenwood.es\/wp-content\/uploads\/2025\/06\/Imagen-de-WhatsApp-2025-06-03-a-las-15.47.40_e675413c-1.jpg 901w, https:\/\/zenwood.es\/wp-content\/uploads\/2025\/06\/Imagen-de-WhatsApp-2025-06-03-a-las-15.47.40_e675413c-1-300x300.jpg 300w, https:\/\/zenwood.es\/wp-content\/uploads\/2025\/06\/Imagen-de-WhatsApp-2025-06-03-a-las-15.47.40_e675413c-1-100x100.jpg 100w, https:\/\/zenwood.es\/wp-content\/uploads\/2025\/06\/Imagen-de-WhatsApp-2025-06-03-a-las-15.47.40_e675413c-1-600x600.jpg 600w, https:\/\/zenwood.es\/wp-content\/uploads\/2025\/06\/Imagen-de-WhatsApp-2025-06-03-a-las-15.47.40_e675413c-1-150x150.jpg 150w, https:\/\/zenwood.es\/wp-content\/uploads\/2025\/06\/Imagen-de-WhatsApp-2025-06-03-a-las-15.47.40_e675413c-1-768x768.jpg 768w, https:\/\/zenwood.es\/wp-content\/uploads\/2025\/06\/Imagen-de-WhatsApp-2025-06-03-a-las-15.47.40_e675413c-1-12x12.jpg 12w\" sizes=\"(max-width: 901px) 100vw, 901px\" \/>\t\t\t\t\t\t\t\t\t\t\t\t\t\t\t<\/div>\n\t\t\t\t<\/div>\n\t\t\t\t\t<\/div>\n\t\t\t\t<\/div>\n\t\t\t\t<\/div>","protected":false},"excerpt":{"rendered":"<p>Soluciones Zen Fachadas Dale a tu edificio un aspecto natural y lujoso con nuestras l\u00e1minas de madera quemada. Nuestra tecnolog\u00eda garantiza que tu fachada no solo sea hermosa, sino tambi\u00e9n resistente a las condiciones clim\u00e1ticas adversas. Ver m\u00e1s Terrazas Disfruta de una terraza elegante y resistente con nuestra madera carbonizada para suelos. Nuestra tecnolog\u00eda garantiza [&hellip;]<\/p>\n","protected":false},"author":5,"featured_media":0,"parent":0,"menu_order":0,"comment_status":"closed","ping_status":"closed","template":"","meta":{"_acf_changed":false,"_joinchat":[],"footnotes":""},"class_list":["post-11","page","type-page","status-publish","hentry"],"acf":[],"yoast_head":"<!-- This site is optimized with the Yoast SEO plugin v27.4 - https:\/\/yoast.com\/product\/yoast-seo-wordpress\/ -->\n<title>SOLUCIONES ZEN - Zenwood<\/title>\n<meta name=\"robots\" content=\"index, follow, max-snippet:-1, max-image-preview:large, max-video-preview:-1\" \/>\n<link rel=\"canonical\" href=\"https:\/\/zenwood.es\/fr\/soluciones-zen\/\" \/>\n<meta property=\"og:locale\" content=\"fr_FR\" \/>\n<meta property=\"og:type\" content=\"article\" \/>\n<meta property=\"og:title\" content=\"SOLUCIONES ZEN - Zenwood\" \/>\n<meta property=\"og:description\" content=\"Soluciones Zen Fachadas Dale a tu edificio un aspecto natural y lujoso con nuestras l\u00e1minas de madera quemada. Nuestra tecnolog\u00eda garantiza que tu fachada no solo sea hermosa, sino tambi\u00e9n resistente a las condiciones clim\u00e1ticas adversas. Ver m\u00e1s Terrazas Disfruta de una terraza elegante y resistente con nuestra madera carbonizada para suelos. Nuestra tecnolog\u00eda garantiza [&hellip;]\" \/>\n<meta property=\"og:url\" content=\"https:\/\/zenwood.es\/fr\/soluciones-zen\/\" \/>\n<meta property=\"og:site_name\" content=\"Zenwood\" \/>\n<meta property=\"article:publisher\" content=\"https:\/\/www.facebook.com\/zenwoodes\/\" \/>\n<meta property=\"article:modified_time\" content=\"2025-09-24T11:04:58+00:00\" \/>\n<meta property=\"og:image\" content=\"https:\/\/zenwood.es\/wp-content\/uploads\/2025\/05\/Frame-50.png\" \/>\n<meta name=\"twitter:card\" content=\"summary_large_image\" \/>\n<meta name=\"twitter:label1\" content=\"Dur\u00e9e de lecture estim\u00e9e\" \/>\n\t<meta name=\"twitter:data1\" content=\"1 minute\" \/>\n<script type=\"application\/ld+json\" class=\"yoast-schema-graph\">{\"@context\":\"https:\\\/\\\/schema.org\",\"@graph\":[{\"@type\":\"WebPage\",\"@id\":\"https:\\\/\\\/zenwood.es\\\/de\\\/soluciones-zen\\\/\",\"url\":\"https:\\\/\\\/zenwood.es\\\/de\\\/soluciones-zen\\\/\",\"name\":\"SOLUCIONES ZEN - Zenwood\",\"isPartOf\":{\"@id\":\"https:\\\/\\\/zenwood.es\\\/#website\"},\"primaryImageOfPage\":{\"@id\":\"https:\\\/\\\/zenwood.es\\\/de\\\/soluciones-zen\\\/#primaryimage\"},\"image\":{\"@id\":\"https:\\\/\\\/zenwood.es\\\/de\\\/soluciones-zen\\\/#primaryimage\"},\"thumbnailUrl\":\"https:\\\/\\\/zenwood.es\\\/wp-content\\\/uploads\\\/2025\\\/05\\\/Frame-50.png\",\"datePublished\":\"2025-05-15T21:12:47+00:00\",\"dateModified\":\"2025-09-24T11:04:58+00:00\",\"breadcrumb\":{\"@id\":\"https:\\\/\\\/zenwood.es\\\/de\\\/soluciones-zen\\\/#breadcrumb\"},\"inLanguage\":\"fr-FR\",\"potentialAction\":[{\"@type\":\"ReadAction\",\"target\":[\"https:\\\/\\\/zenwood.es\\\/de\\\/soluciones-zen\\\/\"]}]},{\"@type\":\"ImageObject\",\"inLanguage\":\"fr-FR\",\"@id\":\"https:\\\/\\\/zenwood.es\\\/de\\\/soluciones-zen\\\/#primaryimage\",\"url\":\"https:\\\/\\\/zenwood.es\\\/wp-content\\\/uploads\\\/2025\\\/05\\\/Frame-50.png\",\"contentUrl\":\"https:\\\/\\\/zenwood.es\\\/wp-content\\\/uploads\\\/2025\\\/05\\\/Frame-50.png\"},{\"@type\":\"BreadcrumbList\",\"@id\":\"https:\\\/\\\/zenwood.es\\\/de\\\/soluciones-zen\\\/#breadcrumb\",\"itemListElement\":[{\"@type\":\"ListItem\",\"position\":1,\"name\":\"Portada\",\"item\":\"https:\\\/\\\/zenwood.es\\\/\"},{\"@type\":\"ListItem\",\"position\":2,\"name\":\"SOLUCIONES ZEN\"}]},{\"@type\":\"WebSite\",\"@id\":\"https:\\\/\\\/zenwood.es\\\/#website\",\"url\":\"https:\\\/\\\/zenwood.es\\\/\",\"name\":\"Zenwood\",\"description\":\"touched by nature\",\"publisher\":{\"@id\":\"https:\\\/\\\/zenwood.es\\\/#organization\"},\"potentialAction\":[{\"@type\":\"SearchAction\",\"target\":{\"@type\":\"EntryPoint\",\"urlTemplate\":\"https:\\\/\\\/zenwood.es\\\/?s={search_term_string}\"},\"query-input\":{\"@type\":\"PropertyValueSpecification\",\"valueRequired\":true,\"valueName\":\"search_term_string\"}}],\"inLanguage\":\"fr-FR\"},{\"@type\":\"Organization\",\"@id\":\"https:\\\/\\\/zenwood.es\\\/#organization\",\"name\":\"Zenwood\",\"url\":\"https:\\\/\\\/zenwood.es\\\/\",\"logo\":{\"@type\":\"ImageObject\",\"inLanguage\":\"fr-FR\",\"@id\":\"https:\\\/\\\/zenwood.es\\\/#\\\/schema\\\/logo\\\/image\\\/\",\"url\":\"https:\\\/\\\/zenwood.es\\\/wp-content\\\/uploads\\\/2025\\\/05\\\/logo-1.png\",\"contentUrl\":\"https:\\\/\\\/zenwood.es\\\/wp-content\\\/uploads\\\/2025\\\/05\\\/logo-1.png\",\"width\":524,\"height\":83,\"caption\":\"Zenwood\"},\"image\":{\"@id\":\"https:\\\/\\\/zenwood.es\\\/#\\\/schema\\\/logo\\\/image\\\/\"},\"sameAs\":[\"https:\\\/\\\/www.facebook.com\\\/zenwoodes\\\/\",\"https:\\\/\\\/www.instagram.com\\\/zenwoodes\",\"https:\\\/\\\/www.linkedin.com\\\/company\\\/zenwoodes\\\/\",\"https:\\\/\\\/www.youtube.com\\\/@ZENWOODes\"]}]}<\/script>\n<!-- \/ Yoast SEO plugin. -->","yoast_head_json":{"title":"SOLUCIONES ZEN - Zenwood","robots":{"index":"index","follow":"follow","max-snippet":"max-snippet:-1","max-image-preview":"max-image-preview:large","max-video-preview":"max-video-preview:-1"},"canonical":"https:\/\/zenwood.es\/fr\/soluciones-zen\/","og_locale":"fr_FR","og_type":"article","og_title":"SOLUCIONES ZEN - Zenwood","og_description":"Soluciones Zen Fachadas Dale a tu edificio un aspecto natural y lujoso con nuestras l\u00e1minas de madera quemada. Nuestra tecnolog\u00eda garantiza que tu fachada no solo sea hermosa, sino tambi\u00e9n resistente a las condiciones clim\u00e1ticas adversas. Ver m\u00e1s Terrazas Disfruta de una terraza elegante y resistente con nuestra madera carbonizada para suelos. Nuestra tecnolog\u00eda garantiza [&hellip;]","og_url":"https:\/\/zenwood.es\/fr\/soluciones-zen\/","og_site_name":"Zenwood","article_publisher":"https:\/\/www.facebook.com\/zenwoodes\/","article_modified_time":"2025-09-24T11:04:58+00:00","og_image":[{"url":"https:\/\/zenwood.es\/wp-content\/uploads\/2025\/05\/Frame-50.png","type":"","width":"","height":""}],"twitter_card":"summary_large_image","twitter_misc":{"Dur\u00e9e de lecture estim\u00e9e":"1 minute"},"schema":{"@context":"https:\/\/schema.org","@graph":[{"@type":"WebPage","@id":"https:\/\/zenwood.es\/de\/soluciones-zen\/","url":"https:\/\/zenwood.es\/de\/soluciones-zen\/","name":"SOLUCIONES ZEN - Zenwood","isPartOf":{"@id":"https:\/\/zenwood.es\/#website"},"primaryImageOfPage":{"@id":"https:\/\/zenwood.es\/de\/soluciones-zen\/#primaryimage"},"image":{"@id":"https:\/\/zenwood.es\/de\/soluciones-zen\/#primaryimage"},"thumbnailUrl":"https:\/\/zenwood.es\/wp-content\/uploads\/2025\/05\/Frame-50.png","datePublished":"2025-05-15T21:12:47+00:00","dateModified":"2025-09-24T11:04:58+00:00","breadcrumb":{"@id":"https:\/\/zenwood.es\/de\/soluciones-zen\/#breadcrumb"},"inLanguage":"fr-FR","potentialAction":[{"@type":"ReadAction","target":["https:\/\/zenwood.es\/de\/soluciones-zen\/"]}]},{"@type":"ImageObject","inLanguage":"fr-FR","@id":"https:\/\/zenwood.es\/de\/soluciones-zen\/#primaryimage","url":"https:\/\/zenwood.es\/wp-content\/uploads\/2025\/05\/Frame-50.png","contentUrl":"https:\/\/zenwood.es\/wp-content\/uploads\/2025\/05\/Frame-50.png"},{"@type":"BreadcrumbList","@id":"https:\/\/zenwood.es\/de\/soluciones-zen\/#breadcrumb","itemListElement":[{"@type":"ListItem","position":1,"name":"Portada","item":"https:\/\/zenwood.es\/"},{"@type":"ListItem","position":2,"name":"SOLUCIONES ZEN"}]},{"@type":"WebSite","@id":"https:\/\/zenwood.es\/#website","url":"https:\/\/zenwood.es\/","name":"Zenwood","description":"touched by nature","publisher":{"@id":"https:\/\/zenwood.es\/#organization"},"potentialAction":[{"@type":"SearchAction","target":{"@type":"EntryPoint","urlTemplate":"https:\/\/zenwood.es\/?s={search_term_string}"},"query-input":{"@type":"PropertyValueSpecification","valueRequired":true,"valueName":"search_term_string"}}],"inLanguage":"fr-FR"},{"@type":"Organization","@id":"https:\/\/zenwood.es\/#organization","name":"Zenwood","url":"https:\/\/zenwood.es\/","logo":{"@type":"ImageObject","inLanguage":"fr-FR","@id":"https:\/\/zenwood.es\/#\/schema\/logo\/image\/","url":"https:\/\/zenwood.es\/wp-content\/uploads\/2025\/05\/logo-1.png","contentUrl":"https:\/\/zenwood.es\/wp-content\/uploads\/2025\/05\/logo-1.png","width":524,"height":83,"caption":"Zenwood"},"image":{"@id":"https:\/\/zenwood.es\/#\/schema\/logo\/image\/"},"sameAs":["https:\/\/www.facebook.com\/zenwoodes\/","https:\/\/www.instagram.com\/zenwoodes","https:\/\/www.linkedin.com\/company\/zenwoodes\/","https:\/\/www.youtube.com\/@ZENWOODes"]}]}},"_links":{"self":[{"href":"https:\/\/zenwood.es\/fr\/wp-json\/wp\/v2\/pages\/11","targetHints":{"allow":["GET"]}}],"collection":[{"href":"https:\/\/zenwood.es\/fr\/wp-json\/wp\/v2\/pages"}],"about":[{"href":"https:\/\/zenwood.es\/fr\/wp-json\/wp\/v2\/types\/page"}],"author":[{"embeddable":true,"href":"https:\/\/zenwood.es\/fr\/wp-json\/wp\/v2\/users\/5"}],"replies":[{"embeddable":true,"href":"https:\/\/zenwood.es\/fr\/wp-json\/wp\/v2\/comments?post=11"}],"version-history":[{"count":15,"href":"https:\/\/zenwood.es\/fr\/wp-json\/wp\/v2\/pages\/11\/revisions"}],"predecessor-version":[{"id":4894,"href":"https:\/\/zenwood.es\/fr\/wp-json\/wp\/v2\/pages\/11\/revisions\/4894"}],"wp:attachment":[{"href":"https:\/\/zenwood.es\/fr\/wp-json\/wp\/v2\/media?parent=11"}],"curies":[{"name":"wp","href":"https:\/\/api.w.org\/{rel}","templated":true}]}}