{"id":4391,"date":"2025-09-11T06:40:43","date_gmt":"2025-09-11T06:40:43","guid":{"rendered":"https:\/\/zenwood.es\/?page_id=4391"},"modified":"2025-09-19T12:29:30","modified_gmt":"2025-09-19T12:29:30","slug":"politica-de-cookies","status":"publish","type":"page","link":"https:\/\/zenwood.es\/fr\/politica-de-cookies\/","title":{"rendered":"Pol\u00edtica de Cookies"},"content":{"rendered":"<div data-elementor-type=\"wp-page\" data-elementor-id=\"4391\" class=\"elementor elementor-4391\" data-elementor-post-type=\"page\">\n\t\t\t\t<div class=\"elementor-element elementor-element-cc942bc e-flex e-con-boxed e-con e-parent\" data-id=\"cc942bc\" data-element_type=\"container\" data-e-type=\"container\" data-settings=\"{&quot;background_background&quot;:&quot;classic&quot;}\">\n\t\t\t\t\t<div class=\"e-con-inner\">\n\t\t<div class=\"elementor-element elementor-element-c241418 e-con-full e-flex e-con e-child\" data-id=\"c241418\" data-element_type=\"container\" data-e-type=\"container\">\n\t\t\t\t<div class=\"elementor-element elementor-element-adc9744 elementor-widget elementor-widget-shortcode\" data-id=\"adc9744\" data-element_type=\"widget\" data-e-type=\"widget\" data-widget_type=\"shortcode.default\">\n\t\t\t\t\t\t\t<div class=\"elementor-shortcode\"><span><span><a href=\"https:\/\/zenwood.es\/fr\">Premi\u00e8re page<\/a><\/span><\/span><\/div>\n\t\t\t\t\t\t<\/div>\n\t\t\t\t<\/div>\n\t\t<div class=\"elementor-element elementor-element-c470744 e-con-full e-flex e-con e-child\" data-id=\"c470744\" data-element_type=\"container\" data-e-type=\"container\">\n\t\t\t\t<div class=\"elementor-element elementor-element-7d2f402 elementor-widget elementor-widget-image\" data-id=\"7d2f402\" data-element_type=\"widget\" data-e-type=\"widget\" data-widget_type=\"image.default\">\n\t\t\t\t\t\t\t\t\t\t\t\t\t\t\t<img fetchpriority=\"high\" decoding=\"async\" width=\"438\" height=\"471\" src=\"https:\/\/zenwood.es\/wp-content\/uploads\/2025\/05\/Frame-50-2.png\" class=\"attachment-large size-large wp-image-208\" alt=\"zenwood\" srcset=\"https:\/\/zenwood.es\/wp-content\/uploads\/2025\/05\/Frame-50-2.png 438w, https:\/\/zenwood.es\/wp-content\/uploads\/2025\/05\/Frame-50-2-279x300.png 279w\" sizes=\"(max-width: 438px) 100vw, 438px\" \/>\t\t\t\t\t\t\t\t\t\t\t\t\t\t\t<\/div>\n\t\t\t\t<\/div>\n\t\t\t\t\t<\/div>\n\t\t\t\t<\/div>\n\t\t<div class=\"elementor-element elementor-element-c2e0718 e-flex e-con-boxed e-con e-parent\" data-id=\"c2e0718\" data-element_type=\"container\" data-e-type=\"container\">\n\t\t\t\t\t<div class=\"e-con-inner\">\n\t\t\t\t<div class=\"elementor-element elementor-element-3b2b85d elementor-widget elementor-widget-text-editor\" data-id=\"3b2b85d\" data-element_type=\"widget\" data-e-type=\"widget\" data-widget_type=\"text-editor.default\">\n\t\t\t\t\t\t\t\t\t<p>En este apartado se ofrece informaci\u00f3n clara y expl\u00edcita sobre el uso de cookies en el Sitio Web, en cumplimiento de lo dispuesto en el art\u00edculo 22.2 de la Ley 34\/2002 (LSSI-CE) y dem\u00e1s normativa aplicable.<\/p><p>\u00bfQu\u00e9 son las cookies? Las cookies son peque\u00f1os archivos de texto que se almacenan en el dispositivo del usuario (ordenador, smartphone, tablet, etc.) al visitar p\u00e1ginas web. Las cookies permiten, entre otras cosas, recordar tus preferencias y reconocerte en sucesivas visitas, as\u00ed como obtener informaci\u00f3n estad\u00edstica an\u00f3nima sobre la navegaci\u00f3n. Las cookies pueden ser propias (establecidas por el dominio del sitio que se visita) o de terceros (establecidas por servicios externos vinculados al sitio), y pueden tener diferentes finalidades: t\u00e9cnicas, de personalizaci\u00f3n, de an\u00e1lisis, publicitarias, de redes sociales, etc.<\/p><p>Consentimiento: Al acceder por primera vez a nuestro Sitio Web, aparece un banner de consentimiento de cookies que te permite aceptar o rechazar el uso de ciertas categor\u00edas de cookies (especialmente las no esenciales, como las de anal\u00edtica y marketing). Zenwood \u00fanicamente utiliza cookies no estrictamente necesarias si el usuario ha dado su consentimiento expreso a trav\u00e9s de dicho banner o mediante la configuraci\u00f3n de sus preferencias. En cualquier momento, el usuario puede revisar y modificar su consentimiento inicial haciendo clic de nuevo en la herramienta de gesti\u00f3n de cookies (banner) si est\u00e1 disponible, o borrando las cookies de su navegador para que el aviso de consentimiento vuelva a aparecer.<\/p><p>Cookies que utilizamos: El Sitio Web zenwood.es emplea las siguientes cookies y herramientas de seguimiento:<\/p><p><!-- \/wp:paragraph --><\/p>\t\t\t\t\t\t\t\t<\/div>\n\t\t\t\t<div class=\"elementor-element elementor-element-d1a5472 elementor-widget elementor-widget-image\" data-id=\"d1a5472\" data-element_type=\"widget\" data-e-type=\"widget\" data-widget_type=\"image.default\">\n\t\t\t\t\t\t\t\t\t\t\t\t\t\t\t<img decoding=\"async\" width=\"755\" height=\"505\" src=\"https:\/\/zenwood.es\/wp-content\/uploads\/2025\/09\/cookies.png\" class=\"attachment-large size-large wp-image-4403\" alt=\"\" srcset=\"https:\/\/zenwood.es\/wp-content\/uploads\/2025\/09\/cookies.png 755w, https:\/\/zenwood.es\/wp-content\/uploads\/2025\/09\/cookies-600x401.png 600w, https:\/\/zenwood.es\/wp-content\/uploads\/2025\/09\/cookies-300x201.png 300w, https:\/\/zenwood.es\/wp-content\/uploads\/2025\/09\/cookies-18x12.png 18w\" sizes=\"(max-width: 755px) 100vw, 755px\" \/>\t\t\t\t\t\t\t\t\t\t\t\t\t\t\t<\/div>\n\t\t\t\t\t<\/div>\n\t\t\t\t<\/div>\n\t\t<div class=\"elementor-element elementor-element-05f919e e-flex e-con-boxed e-con e-parent\" data-id=\"05f919e\" data-element_type=\"container\" data-e-type=\"container\">\n\t\t\t\t\t<div class=\"e-con-inner\">\n\t\t\t\t<div class=\"elementor-element elementor-element-acd50e8 elementor-widget elementor-widget-text-editor\" data-id=\"acd50e8\" data-element_type=\"widget\" data-e-type=\"widget\" data-widget_type=\"text-editor.default\">\n\t\t\t\t\t\t\t\t\t<p>(Las denominaciones de cookies mostradas son orientativas; es posible que se actualicen los nombres o aparezcan cookies adicionales de estos servicios con el tiempo, pero siempre con finalidades similares a las descritas.)<\/p><p>Gesti\u00f3n de las cookies: Adem\u00e1s de la gesti\u00f3n de consentimiento inicial en nuestro sitio, tienes la opci\u00f3n de configurar tu navegador para permitir, bloquear o eliminar las cookies, incluidas las de Zenwood. La mayor\u00eda de navegadores web ofrecen ajustes de privacidad que permiten controlar las cookies caso por caso o eliminarlas totalmente al cerrar sesi\u00f3n. Por ejemplo, puedes consultar las instrucciones de gesti\u00f3n de cookies para los navegadores m\u00e1s comunes en los siguientes enlaces oficiales: Google Chrome, Mozilla Firefox, Apple Safari o Microsoft Edge. Ten en cuenta que, si deshabilitas todas las cookies, es posible que algunas funcionalidades de la web de Zenwood no funcionen correctamente (por ejemplo, es posible que no se recuerden tus preferencias de idioma o que el banner de cookies siga apareciendo repetidamente).<\/p><p>Cookies de terceros: Las cookies de terceros utilizadas (Google y Facebook) implican que estos proveedores externos pueden acceder a la informaci\u00f3n recogida mediante sus cookies. Zenwood no gestiona los datos que puedan recopilar en su nombre dichas plataformas. Te recomendamos que revises las pol\u00edticas de privacidad de Google y de Facebook para obtener informaci\u00f3n adicional sobre c\u00f3mo utilizan las cookies y otros datos de navegaci\u00f3n. Por ejemplo, Google ofrece un complemento de inhabilitaci\u00f3n para navegadores si no deseas ser rastreado por Google Analytics (disponible en https:\/\/tools.google.com\/dlpage\/gaoptout). Facebook, por su parte, permite ajustar las preferencias de anuncios desde la configuraci\u00f3n de tu cuenta de usuario en su plataforma.<\/p><p>Si tienes dudas o necesitas m\u00e1s informaci\u00f3n sobre nuestra Pol\u00edtica de Cookies, puedes contactar con nosotros en hola@zenwood.es. Estaremos disponibles para explicarte cualquier aspecto que necesites sobre el uso de tus datos de navegaci\u00f3n.<\/p>\t\t\t\t\t\t\t\t<\/div>\n\t\t\t\t\t<\/div>\n\t\t\t\t<\/div>\n\t\t\t\t<\/div>","protected":false},"excerpt":{"rendered":"<p>En este apartado se ofrece informaci\u00f3n clara y expl\u00edcita sobre el uso de cookies en el Sitio Web, en cumplimiento de lo dispuesto en el art\u00edculo 22.2 de la Ley 34\/2002 (LSSI-CE) y dem\u00e1s normativa aplicable. \u00bfQu\u00e9 son las cookies? Las cookies son peque\u00f1os archivos de texto que se almacenan en el dispositivo del usuario [&hellip;]<\/p>\n","protected":false},"author":5,"featured_media":0,"parent":0,"menu_order":0,"comment_status":"closed","ping_status":"closed","template":"elementor_header_footer","meta":{"_acf_changed":false,"_joinchat":[],"footnotes":""},"class_list":["post-4391","page","type-page","status-publish","hentry"],"acf":[],"yoast_head":"<!-- This site is optimized with the Yoast SEO plugin v27.4 - https:\/\/yoast.com\/product\/yoast-seo-wordpress\/ -->\n<title>Pol\u00edtica de Cookies - Zenwood<\/title>\n<meta name=\"robots\" content=\"index, follow, max-snippet:-1, max-image-preview:large, max-video-preview:-1\" \/>\n<link rel=\"canonical\" href=\"https:\/\/zenwood.es\/fr\/politica-de-cookies\/\" \/>\n<meta property=\"og:locale\" content=\"fr_FR\" \/>\n<meta property=\"og:type\" content=\"article\" \/>\n<meta property=\"og:title\" content=\"Pol\u00edtica de Cookies - Zenwood\" \/>\n<meta property=\"og:description\" content=\"En este apartado se ofrece informaci\u00f3n clara y expl\u00edcita sobre el uso de cookies en el Sitio Web, en cumplimiento de lo dispuesto en el art\u00edculo 22.2 de la Ley 34\/2002 (LSSI-CE) y dem\u00e1s normativa aplicable. \u00bfQu\u00e9 son las cookies? Las cookies son peque\u00f1os archivos de texto que se almacenan en el dispositivo del usuario [&hellip;]\" \/>\n<meta property=\"og:url\" content=\"https:\/\/zenwood.es\/fr\/politica-de-cookies\/\" \/>\n<meta property=\"og:site_name\" content=\"Zenwood\" \/>\n<meta property=\"article:publisher\" content=\"https:\/\/www.facebook.com\/zenwoodes\/\" \/>\n<meta property=\"article:modified_time\" content=\"2025-09-19T12:29:30+00:00\" \/>\n<meta property=\"og:image\" content=\"https:\/\/zenwood.es\/wp-content\/uploads\/2025\/05\/Frame-50-2.png\" \/>\n<meta name=\"twitter:card\" content=\"summary_large_image\" \/>\n<meta name=\"twitter:label1\" content=\"Dur\u00e9e de lecture estim\u00e9e\" \/>\n\t<meta name=\"twitter:data1\" content=\"3 minutes\" \/>\n<script type=\"application\/ld+json\" class=\"yoast-schema-graph\">{\"@context\":\"https:\\\/\\\/schema.org\",\"@graph\":[{\"@type\":\"WebPage\",\"@id\":\"https:\\\/\\\/zenwood.es\\\/it\\\/politica-de-cookies\\\/\",\"url\":\"https:\\\/\\\/zenwood.es\\\/it\\\/politica-de-cookies\\\/\",\"name\":\"Pol\u00edtica de Cookies - Zenwood\",\"isPartOf\":{\"@id\":\"https:\\\/\\\/zenwood.es\\\/#website\"},\"primaryImageOfPage\":{\"@id\":\"https:\\\/\\\/zenwood.es\\\/it\\\/politica-de-cookies\\\/#primaryimage\"},\"image\":{\"@id\":\"https:\\\/\\\/zenwood.es\\\/it\\\/politica-de-cookies\\\/#primaryimage\"},\"thumbnailUrl\":\"https:\\\/\\\/zenwood.es\\\/wp-content\\\/uploads\\\/2025\\\/05\\\/Frame-50-2.png\",\"datePublished\":\"2025-09-11T06:40:43+00:00\",\"dateModified\":\"2025-09-19T12:29:30+00:00\",\"breadcrumb\":{\"@id\":\"https:\\\/\\\/zenwood.es\\\/it\\\/politica-de-cookies\\\/#breadcrumb\"},\"inLanguage\":\"fr-FR\",\"potentialAction\":[{\"@type\":\"ReadAction\",\"target\":[\"https:\\\/\\\/zenwood.es\\\/it\\\/politica-de-cookies\\\/\"]}]},{\"@type\":\"ImageObject\",\"inLanguage\":\"fr-FR\",\"@id\":\"https:\\\/\\\/zenwood.es\\\/it\\\/politica-de-cookies\\\/#primaryimage\",\"url\":\"https:\\\/\\\/zenwood.es\\\/wp-content\\\/uploads\\\/2025\\\/05\\\/Frame-50-2.png\",\"contentUrl\":\"https:\\\/\\\/zenwood.es\\\/wp-content\\\/uploads\\\/2025\\\/05\\\/Frame-50-2.png\"},{\"@type\":\"BreadcrumbList\",\"@id\":\"https:\\\/\\\/zenwood.es\\\/it\\\/politica-de-cookies\\\/#breadcrumb\",\"itemListElement\":[{\"@type\":\"ListItem\",\"position\":1,\"name\":\"Portada\",\"item\":\"https:\\\/\\\/zenwood.es\\\/\"},{\"@type\":\"ListItem\",\"position\":2,\"name\":\"Pol\u00edtica de Cookies\"}]},{\"@type\":\"WebSite\",\"@id\":\"https:\\\/\\\/zenwood.es\\\/#website\",\"url\":\"https:\\\/\\\/zenwood.es\\\/\",\"name\":\"Zenwood\",\"description\":\"touched by nature\",\"publisher\":{\"@id\":\"https:\\\/\\\/zenwood.es\\\/#organization\"},\"potentialAction\":[{\"@type\":\"SearchAction\",\"target\":{\"@type\":\"EntryPoint\",\"urlTemplate\":\"https:\\\/\\\/zenwood.es\\\/?s={search_term_string}\"},\"query-input\":{\"@type\":\"PropertyValueSpecification\",\"valueRequired\":true,\"valueName\":\"search_term_string\"}}],\"inLanguage\":\"fr-FR\"},{\"@type\":\"Organization\",\"@id\":\"https:\\\/\\\/zenwood.es\\\/#organization\",\"name\":\"Zenwood\",\"url\":\"https:\\\/\\\/zenwood.es\\\/\",\"logo\":{\"@type\":\"ImageObject\",\"inLanguage\":\"fr-FR\",\"@id\":\"https:\\\/\\\/zenwood.es\\\/#\\\/schema\\\/logo\\\/image\\\/\",\"url\":\"https:\\\/\\\/zenwood.es\\\/wp-content\\\/uploads\\\/2025\\\/05\\\/logo-1.png\",\"contentUrl\":\"https:\\\/\\\/zenwood.es\\\/wp-content\\\/uploads\\\/2025\\\/05\\\/logo-1.png\",\"width\":524,\"height\":83,\"caption\":\"Zenwood\"},\"image\":{\"@id\":\"https:\\\/\\\/zenwood.es\\\/#\\\/schema\\\/logo\\\/image\\\/\"},\"sameAs\":[\"https:\\\/\\\/www.facebook.com\\\/zenwoodes\\\/\",\"https:\\\/\\\/www.instagram.com\\\/zenwoodes\",\"https:\\\/\\\/www.linkedin.com\\\/company\\\/zenwoodes\\\/\",\"https:\\\/\\\/www.youtube.com\\\/@ZENWOODes\"]}]}<\/script>\n<!-- \/ Yoast SEO plugin. -->","yoast_head_json":{"title":"Pol\u00edtica de Cookies - Zenwood","robots":{"index":"index","follow":"follow","max-snippet":"max-snippet:-1","max-image-preview":"max-image-preview:large","max-video-preview":"max-video-preview:-1"},"canonical":"https:\/\/zenwood.es\/fr\/politica-de-cookies\/","og_locale":"fr_FR","og_type":"article","og_title":"Pol\u00edtica de Cookies - Zenwood","og_description":"En este apartado se ofrece informaci\u00f3n clara y expl\u00edcita sobre el uso de cookies en el Sitio Web, en cumplimiento de lo dispuesto en el art\u00edculo 22.2 de la Ley 34\/2002 (LSSI-CE) y dem\u00e1s normativa aplicable. \u00bfQu\u00e9 son las cookies? Las cookies son peque\u00f1os archivos de texto que se almacenan en el dispositivo del usuario [&hellip;]","og_url":"https:\/\/zenwood.es\/fr\/politica-de-cookies\/","og_site_name":"Zenwood","article_publisher":"https:\/\/www.facebook.com\/zenwoodes\/","article_modified_time":"2025-09-19T12:29:30+00:00","og_image":[{"url":"https:\/\/zenwood.es\/wp-content\/uploads\/2025\/05\/Frame-50-2.png","type":"","width":"","height":""}],"twitter_card":"summary_large_image","twitter_misc":{"Dur\u00e9e de lecture estim\u00e9e":"3 minutes"},"schema":{"@context":"https:\/\/schema.org","@graph":[{"@type":"WebPage","@id":"https:\/\/zenwood.es\/it\/politica-de-cookies\/","url":"https:\/\/zenwood.es\/it\/politica-de-cookies\/","name":"Pol\u00edtica de Cookies - Zenwood","isPartOf":{"@id":"https:\/\/zenwood.es\/#website"},"primaryImageOfPage":{"@id":"https:\/\/zenwood.es\/it\/politica-de-cookies\/#primaryimage"},"image":{"@id":"https:\/\/zenwood.es\/it\/politica-de-cookies\/#primaryimage"},"thumbnailUrl":"https:\/\/zenwood.es\/wp-content\/uploads\/2025\/05\/Frame-50-2.png","datePublished":"2025-09-11T06:40:43+00:00","dateModified":"2025-09-19T12:29:30+00:00","breadcrumb":{"@id":"https:\/\/zenwood.es\/it\/politica-de-cookies\/#breadcrumb"},"inLanguage":"fr-FR","potentialAction":[{"@type":"ReadAction","target":["https:\/\/zenwood.es\/it\/politica-de-cookies\/"]}]},{"@type":"ImageObject","inLanguage":"fr-FR","@id":"https:\/\/zenwood.es\/it\/politica-de-cookies\/#primaryimage","url":"https:\/\/zenwood.es\/wp-content\/uploads\/2025\/05\/Frame-50-2.png","contentUrl":"https:\/\/zenwood.es\/wp-content\/uploads\/2025\/05\/Frame-50-2.png"},{"@type":"BreadcrumbList","@id":"https:\/\/zenwood.es\/it\/politica-de-cookies\/#breadcrumb","itemListElement":[{"@type":"ListItem","position":1,"name":"Portada","item":"https:\/\/zenwood.es\/"},{"@type":"ListItem","position":2,"name":"Pol\u00edtica de Cookies"}]},{"@type":"WebSite","@id":"https:\/\/zenwood.es\/#website","url":"https:\/\/zenwood.es\/","name":"Zenwood","description":"touched by nature","publisher":{"@id":"https:\/\/zenwood.es\/#organization"},"potentialAction":[{"@type":"SearchAction","target":{"@type":"EntryPoint","urlTemplate":"https:\/\/zenwood.es\/?s={search_term_string}"},"query-input":{"@type":"PropertyValueSpecification","valueRequired":true,"valueName":"search_term_string"}}],"inLanguage":"fr-FR"},{"@type":"Organization","@id":"https:\/\/zenwood.es\/#organization","name":"Zenwood","url":"https:\/\/zenwood.es\/","logo":{"@type":"ImageObject","inLanguage":"fr-FR","@id":"https:\/\/zenwood.es\/#\/schema\/logo\/image\/","url":"https:\/\/zenwood.es\/wp-content\/uploads\/2025\/05\/logo-1.png","contentUrl":"https:\/\/zenwood.es\/wp-content\/uploads\/2025\/05\/logo-1.png","width":524,"height":83,"caption":"Zenwood"},"image":{"@id":"https:\/\/zenwood.es\/#\/schema\/logo\/image\/"},"sameAs":["https:\/\/www.facebook.com\/zenwoodes\/","https:\/\/www.instagram.com\/zenwoodes","https:\/\/www.linkedin.com\/company\/zenwoodes\/","https:\/\/www.youtube.com\/@ZENWOODes"]}]}},"_links":{"self":[{"href":"https:\/\/zenwood.es\/fr\/wp-json\/wp\/v2\/pages\/4391","targetHints":{"allow":["GET"]}}],"collection":[{"href":"https:\/\/zenwood.es\/fr\/wp-json\/wp\/v2\/pages"}],"about":[{"href":"https:\/\/zenwood.es\/fr\/wp-json\/wp\/v2\/types\/page"}],"author":[{"embeddable":true,"href":"https:\/\/zenwood.es\/fr\/wp-json\/wp\/v2\/users\/5"}],"replies":[{"embeddable":true,"href":"https:\/\/zenwood.es\/fr\/wp-json\/wp\/v2\/comments?post=4391"}],"version-history":[{"count":7,"href":"https:\/\/zenwood.es\/fr\/wp-json\/wp\/v2\/pages\/4391\/revisions"}],"predecessor-version":[{"id":4818,"href":"https:\/\/zenwood.es\/fr\/wp-json\/wp\/v2\/pages\/4391\/revisions\/4818"}],"wp:attachment":[{"href":"https:\/\/zenwood.es\/fr\/wp-json\/wp\/v2\/media?parent=4391"}],"curies":[{"name":"wp","href":"https:\/\/api.w.org\/{rel}","templated":true}]}}