{"id":6087,"date":"2026-03-04T13:29:25","date_gmt":"2026-03-04T13:29:25","guid":{"rendered":"https:\/\/zenwood.es\/?page_id=6087"},"modified":"2026-03-04T15:03:05","modified_gmt":"2026-03-04T15:03:05","slug":"gracias-newsletter","status":"publish","type":"page","link":"https:\/\/zenwood.es\/fr\/gracias-newsletter\/","title":{"rendered":"Gracias Newsletter"},"content":{"rendered":"<div data-elementor-type=\"wp-page\" data-elementor-id=\"6087\" class=\"elementor elementor-6087\" data-elementor-post-type=\"page\">\n\t\t\t\t<div class=\"elementor-element elementor-element-32f8338f e-flex e-con-boxed e-con e-parent\" data-id=\"32f8338f\" data-element_type=\"container\" data-e-type=\"container\" data-settings=\"{&quot;background_background&quot;:&quot;classic&quot;}\">\n\t\t\t\t\t<div class=\"e-con-inner\">\n\t\t\t\t<div class=\"elementor-element elementor-element-3e994f34 elementor-widget elementor-widget-text-editor\" data-id=\"3e994f34\" data-element_type=\"widget\" data-e-type=\"widget\" data-widget_type=\"text-editor.default\">\n\t\t\t\t\t\t\t\t\t\n<pre id=\"tw-target-text\" class=\"wp-block-preformatted\"><\/pre>\n\t\t\t\t\t\t\t\t<\/div>\n\t\t\t\t\t<\/div>\n\t\t\t\t<\/div>\n\t\t<div class=\"elementor-element elementor-element-8a83425 e-flex e-con-boxed e-con e-parent\" data-id=\"8a83425\" data-element_type=\"container\" data-e-type=\"container\">\n\t\t\t\t\t<div class=\"e-con-inner\">\n\t\t\t\t<div class=\"elementor-element elementor-element-267b50f elementor-view-default elementor-widget elementor-widget-icon\" data-id=\"267b50f\" data-element_type=\"widget\" data-e-type=\"widget\" data-widget_type=\"icon.default\">\n\t\t\t\t\t\t\t<div class=\"elementor-icon-wrapper\">\n\t\t\t<div class=\"elementor-icon\">\n\t\t\t<svg aria-hidden=\"true\" class=\"e-font-icon-svg e-fas-envelope\" viewbox=\"0 0 512 512\" xmlns=\"http:\/\/www.w3.org\/2000\/svg\"><path d=\"M502.3 190.8c3.9-3.1 9.7-.2 9.7 4.7V400c0 26.5-21.5 48-48 48H48c-26.5 0-48-21.5-48-48V195.6c0-5 5.7-7.8 9.7-4.7 22.4 17.4 52.1 39.5 154.1 113.6 21.1 15.4 56.7 47.8 92.2 47.6 35.7.3 72-32.8 92.3-47.6 102-74.1 131.6-96.3 154-113.7zM256 320c23.2.4 56.6-29.2 73.4-41.4 132.7-96.3 142.8-104.7 173.4-128.7 5.8-4.5 9.2-11.5 9.2-18.9v-19c0-26.5-21.5-48-48-48H48C21.5 64 0 85.5 0 112v19c0 7.4 3.4 14.3 9.2 18.9 30.6 23.9 40.7 32.4 173.4 128.7 16.8 12.2 50.2 41.8 73.4 41.4z\"><\/path><\/svg>\t\t\t<\/div>\n\t\t<\/div>\n\t\t\t\t\t\t<\/div>\n\t\t<div class=\"elementor-element elementor-element-fdbca7d e-con-full e-flex e-con e-child\" data-id=\"fdbca7d\" data-element_type=\"container\" data-e-type=\"container\">\n\t\t\t\t<div class=\"elementor-element elementor-element-587b736 elementor-widget elementor-widget-heading\" data-id=\"587b736\" data-element_type=\"widget\" data-e-type=\"widget\" data-widget_type=\"heading.default\">\n\t\t\t\t\t<h3 class=\"elementor-heading-title elementor-size-default\">\u00a1Gracias por suscribirte!<\/h3>\t\t\t\t<\/div>\n\t\t\t\t<div class=\"elementor-element elementor-element-6cfb3ff elementor-widget elementor-widget-text-editor\" data-id=\"6cfb3ff\" data-element_type=\"widget\" data-e-type=\"widget\" data-widget_type=\"text-editor.default\">\n\t\t\t\t\t\t\t\t\t<p data-start=\"160\" data-end=\"233\"><strong data-start=\"160\" data-end=\"188\">Menos ruido. M\u00e1s madera.<\/strong><br data-start=\"188\" data-end=\"191\" \/>Ya formas parte de la comunidad Zenwood \ud83d\udc9a<\/p>\n<p data-start=\"235\" data-end=\"302\">En los pr\u00f3ximos minutos recibir\u00e1s un email con tu c\u00f3digo exclusivo<\/p>\t\t\t\t\t\t\t\t<\/div>\n\t\t\t\t<\/div>\n\t\t\t\t\t<\/div>\n\t\t\t\t<\/div>\n\t\t\t\t<\/div>","protected":false},"excerpt":{"rendered":"<p>\u00a1Gracias por suscribirte! Menos ruido. M\u00e1s madera.Ya formas parte de la comunidad Zenwood \ud83d\udc9a En los pr\u00f3ximos minutos recibir\u00e1s un email con tu c\u00f3digo exclusivo<\/p>","protected":false},"author":5,"featured_media":0,"parent":0,"menu_order":0,"comment_status":"closed","ping_status":"closed","template":"elementor_header_footer","meta":{"_acf_changed":false,"_joinchat":[],"footnotes":""},"class_list":["post-6087","page","type-page","status-publish","hentry"],"acf":[],"yoast_head":"<!-- This site is optimized with the Yoast SEO plugin v27.4 - https:\/\/yoast.com\/product\/yoast-seo-wordpress\/ -->\n<title>Gracias Newsletter - Zenwood<\/title>\n<meta name=\"robots\" content=\"index, follow, max-snippet:-1, max-image-preview:large, max-video-preview:-1\" \/>\n<link rel=\"canonical\" href=\"https:\/\/zenwood.es\/fr\/gracias-newsletter\/\" \/>\n<meta property=\"og:locale\" content=\"fr_FR\" \/>\n<meta property=\"og:type\" content=\"article\" \/>\n<meta property=\"og:title\" content=\"Gracias Newsletter - Zenwood\" \/>\n<meta property=\"og:description\" content=\"\u00a1Gracias por suscribirte! Menos ruido. M\u00e1s madera.Ya formas parte de la comunidad Zenwood \ud83d\udc9a En los pr\u00f3ximos minutos recibir\u00e1s un email con tu c\u00f3digo exclusivo\" \/>\n<meta property=\"og:url\" content=\"https:\/\/zenwood.es\/fr\/gracias-newsletter\/\" \/>\n<meta property=\"og:site_name\" content=\"Zenwood\" \/>\n<meta property=\"article:publisher\" content=\"https:\/\/www.facebook.com\/zenwoodes\/\" \/>\n<meta property=\"article:modified_time\" content=\"2026-03-04T15:03:05+00:00\" \/>\n<meta name=\"twitter:card\" content=\"summary_large_image\" \/>\n<meta name=\"twitter:label1\" content=\"Dur\u00e9e de lecture estim\u00e9e\" \/>\n\t<meta name=\"twitter:data1\" content=\"1 minute\" \/>\n<script type=\"application\/ld+json\" class=\"yoast-schema-graph\">{\"@context\":\"https:\\\/\\\/schema.org\",\"@graph\":[{\"@type\":\"WebPage\",\"@id\":\"https:\\\/\\\/zenwood.es\\\/gracias-newsletter\\\/\",\"url\":\"https:\\\/\\\/zenwood.es\\\/gracias-newsletter\\\/\",\"name\":\"Gracias Newsletter - Zenwood\",\"isPartOf\":{\"@id\":\"https:\\\/\\\/zenwood.es\\\/#website\"},\"datePublished\":\"2026-03-04T13:29:25+00:00\",\"dateModified\":\"2026-03-04T15:03:05+00:00\",\"breadcrumb\":{\"@id\":\"https:\\\/\\\/zenwood.es\\\/gracias-newsletter\\\/#breadcrumb\"},\"inLanguage\":\"fr-FR\",\"potentialAction\":[{\"@type\":\"ReadAction\",\"target\":[\"https:\\\/\\\/zenwood.es\\\/gracias-newsletter\\\/\"]}]},{\"@type\":\"BreadcrumbList\",\"@id\":\"https:\\\/\\\/zenwood.es\\\/gracias-newsletter\\\/#breadcrumb\",\"itemListElement\":[{\"@type\":\"ListItem\",\"position\":1,\"name\":\"Portada\",\"item\":\"https:\\\/\\\/zenwood.es\\\/\"},{\"@type\":\"ListItem\",\"position\":2,\"name\":\"Gracias Newsletter\"}]},{\"@type\":\"WebSite\",\"@id\":\"https:\\\/\\\/zenwood.es\\\/#website\",\"url\":\"https:\\\/\\\/zenwood.es\\\/\",\"name\":\"Zenwood\",\"description\":\"touched by nature\",\"publisher\":{\"@id\":\"https:\\\/\\\/zenwood.es\\\/#organization\"},\"potentialAction\":[{\"@type\":\"SearchAction\",\"target\":{\"@type\":\"EntryPoint\",\"urlTemplate\":\"https:\\\/\\\/zenwood.es\\\/?s={search_term_string}\"},\"query-input\":{\"@type\":\"PropertyValueSpecification\",\"valueRequired\":true,\"valueName\":\"search_term_string\"}}],\"inLanguage\":\"fr-FR\"},{\"@type\":\"Organization\",\"@id\":\"https:\\\/\\\/zenwood.es\\\/#organization\",\"name\":\"Zenwood\",\"url\":\"https:\\\/\\\/zenwood.es\\\/\",\"logo\":{\"@type\":\"ImageObject\",\"inLanguage\":\"fr-FR\",\"@id\":\"https:\\\/\\\/zenwood.es\\\/#\\\/schema\\\/logo\\\/image\\\/\",\"url\":\"https:\\\/\\\/zenwood.es\\\/wp-content\\\/uploads\\\/2025\\\/05\\\/logo-1.png\",\"contentUrl\":\"https:\\\/\\\/zenwood.es\\\/wp-content\\\/uploads\\\/2025\\\/05\\\/logo-1.png\",\"width\":524,\"height\":83,\"caption\":\"Zenwood\"},\"image\":{\"@id\":\"https:\\\/\\\/zenwood.es\\\/#\\\/schema\\\/logo\\\/image\\\/\"},\"sameAs\":[\"https:\\\/\\\/www.facebook.com\\\/zenwoodes\\\/\",\"https:\\\/\\\/www.instagram.com\\\/zenwoodes\",\"https:\\\/\\\/www.linkedin.com\\\/company\\\/zenwoodes\\\/\",\"https:\\\/\\\/www.youtube.com\\\/@ZENWOODes\"]}]}<\/script>\n<!-- \/ Yoast SEO plugin. -->","yoast_head_json":{"title":"Gracias Newsletter - Zenwood","robots":{"index":"index","follow":"follow","max-snippet":"max-snippet:-1","max-image-preview":"max-image-preview:large","max-video-preview":"max-video-preview:-1"},"canonical":"https:\/\/zenwood.es\/fr\/gracias-newsletter\/","og_locale":"fr_FR","og_type":"article","og_title":"Gracias Newsletter - Zenwood","og_description":"\u00a1Gracias por suscribirte! Menos ruido. M\u00e1s madera.Ya formas parte de la comunidad Zenwood \ud83d\udc9a En los pr\u00f3ximos minutos recibir\u00e1s un email con tu c\u00f3digo exclusivo","og_url":"https:\/\/zenwood.es\/fr\/gracias-newsletter\/","og_site_name":"Zenwood","article_publisher":"https:\/\/www.facebook.com\/zenwoodes\/","article_modified_time":"2026-03-04T15:03:05+00:00","twitter_card":"summary_large_image","twitter_misc":{"Dur\u00e9e de lecture estim\u00e9e":"1 minute"},"schema":{"@context":"https:\/\/schema.org","@graph":[{"@type":"WebPage","@id":"https:\/\/zenwood.es\/gracias-newsletter\/","url":"https:\/\/zenwood.es\/gracias-newsletter\/","name":"Gracias Newsletter - Zenwood","isPartOf":{"@id":"https:\/\/zenwood.es\/#website"},"datePublished":"2026-03-04T13:29:25+00:00","dateModified":"2026-03-04T15:03:05+00:00","breadcrumb":{"@id":"https:\/\/zenwood.es\/gracias-newsletter\/#breadcrumb"},"inLanguage":"fr-FR","potentialAction":[{"@type":"ReadAction","target":["https:\/\/zenwood.es\/gracias-newsletter\/"]}]},{"@type":"BreadcrumbList","@id":"https:\/\/zenwood.es\/gracias-newsletter\/#breadcrumb","itemListElement":[{"@type":"ListItem","position":1,"name":"Portada","item":"https:\/\/zenwood.es\/"},{"@type":"ListItem","position":2,"name":"Gracias Newsletter"}]},{"@type":"WebSite","@id":"https:\/\/zenwood.es\/#website","url":"https:\/\/zenwood.es\/","name":"Zenwood","description":"touched by nature","publisher":{"@id":"https:\/\/zenwood.es\/#organization"},"potentialAction":[{"@type":"SearchAction","target":{"@type":"EntryPoint","urlTemplate":"https:\/\/zenwood.es\/?s={search_term_string}"},"query-input":{"@type":"PropertyValueSpecification","valueRequired":true,"valueName":"search_term_string"}}],"inLanguage":"fr-FR"},{"@type":"Organization","@id":"https:\/\/zenwood.es\/#organization","name":"Zenwood","url":"https:\/\/zenwood.es\/","logo":{"@type":"ImageObject","inLanguage":"fr-FR","@id":"https:\/\/zenwood.es\/#\/schema\/logo\/image\/","url":"https:\/\/zenwood.es\/wp-content\/uploads\/2025\/05\/logo-1.png","contentUrl":"https:\/\/zenwood.es\/wp-content\/uploads\/2025\/05\/logo-1.png","width":524,"height":83,"caption":"Zenwood"},"image":{"@id":"https:\/\/zenwood.es\/#\/schema\/logo\/image\/"},"sameAs":["https:\/\/www.facebook.com\/zenwoodes\/","https:\/\/www.instagram.com\/zenwoodes","https:\/\/www.linkedin.com\/company\/zenwoodes\/","https:\/\/www.youtube.com\/@ZENWOODes"]}]}},"_links":{"self":[{"href":"https:\/\/zenwood.es\/fr\/wp-json\/wp\/v2\/pages\/6087","targetHints":{"allow":["GET"]}}],"collection":[{"href":"https:\/\/zenwood.es\/fr\/wp-json\/wp\/v2\/pages"}],"about":[{"href":"https:\/\/zenwood.es\/fr\/wp-json\/wp\/v2\/types\/page"}],"author":[{"embeddable":true,"href":"https:\/\/zenwood.es\/fr\/wp-json\/wp\/v2\/users\/5"}],"replies":[{"embeddable":true,"href":"https:\/\/zenwood.es\/fr\/wp-json\/wp\/v2\/comments?post=6087"}],"version-history":[{"count":8,"href":"https:\/\/zenwood.es\/fr\/wp-json\/wp\/v2\/pages\/6087\/revisions"}],"predecessor-version":[{"id":6106,"href":"https:\/\/zenwood.es\/fr\/wp-json\/wp\/v2\/pages\/6087\/revisions\/6106"}],"wp:attachment":[{"href":"https:\/\/zenwood.es\/fr\/wp-json\/wp\/v2\/media?parent=6087"}],"curies":[{"name":"wp","href":"https:\/\/api.w.org\/{rel}","templated":true}]}}