{"id":4277,"date":"2025-09-10T07:38:23","date_gmt":"2025-09-10T07:38:23","guid":{"rendered":"https:\/\/zenwood.es\/?post_type=product&#038;p=4277"},"modified":"2025-12-02T14:39:33","modified_gmt":"2025-12-02T14:39:33","slug":"ebony-obten-tu-muestra","status":"publish","type":"product","link":"https:\/\/zenwood.es\/fr\/product\/ebony-obten-tu-muestra\/","title":{"rendered":"EBONY OBT\u00c9N TU MUESTRA"},"content":{"rendered":"","protected":false},"excerpt":{"rendered":"<p>Dise\u00f1ado espec\u00edficamente para revestimientos exteriores, este acabado profundamente carbonizado no es apto para terrazas ni superficies de tr\u00e1nsito. El color negro intenso se mantiene estable incluso bajo la luz solar directa. Disponible en los perfiles PAR y UYS para instalaci\u00f3n vertical y horizontal, el Larch \u201cDeep Char\u201d ofrece un equilibrio perfecto entre protecci\u00f3n contra el fuego, profundidad visual y durabilidad arquitect\u00f3nica.<\/p>","protected":false},"featured_media":477,"template":"","meta":{"_acf_changed":false,"_joinchat":[]},"product_brand":[],"product_cat":[46],"product_tag":[],"class_list":{"0":"post-4277","1":"product","2":"type-product","3":"status-publish","4":"has-post-thumbnail","6":"product_cat-uncategorised","8":"first","9":"instock","10":"shipping-taxable","11":"purchasable","12":"product-type-variable","13":"has-default-attributes"},"acf":[],"yoast_head":"<!-- This site is optimized with the Yoast SEO plugin v27.4 - https:\/\/yoast.com\/product\/yoast-seo-wordpress\/ -->\n<title>EBONY OBT\u00c9N TU MUESTRA - Zenwood<\/title>\n<meta name=\"robots\" content=\"index, follow, max-snippet:-1, max-image-preview:large, max-video-preview:-1\" \/>\n<link rel=\"canonical\" href=\"https:\/\/zenwood.es\/fr\/product\/ebony-obten-tu-muestra\/\" \/>\n<meta property=\"og:locale\" content=\"fr_FR\" \/>\n<meta property=\"og:type\" content=\"article\" \/>\n<meta property=\"og:title\" content=\"EBONY OBT\u00c9N TU MUESTRA - Zenwood\" \/>\n<meta property=\"og:description\" content=\"Dise\u00f1ado espec\u00edficamente para revestimientos exteriores, este acabado profundamente carbonizado no es apto para terrazas ni superficies de tr\u00e1nsito. El color negro intenso se mantiene estable incluso bajo la luz solar directa. Disponible en los perfiles PAR y UYS para instalaci\u00f3n vertical y horizontal, el Larch \u201cDeep Char\u201d ofrece un equilibrio perfecto entre protecci\u00f3n contra el fuego, profundidad visual y durabilidad arquitect\u00f3nica.\" \/>\n<meta property=\"og:url\" content=\"https:\/\/zenwood.es\/fr\/product\/ebony-obten-tu-muestra\/\" \/>\n<meta property=\"og:site_name\" content=\"Zenwood\" \/>\n<meta property=\"article:publisher\" content=\"https:\/\/www.facebook.com\/zenwoodes\/\" \/>\n<meta property=\"article:modified_time\" content=\"2025-12-02T14:39:33+00:00\" \/>\n<meta property=\"og:image\" content=\"https:\/\/zenwood.es\/wp-content\/uploads\/2025\/06\/naturalPNG-3-e1764686369356.jpg\" \/>\n\t<meta property=\"og:image:width\" content=\"613\" \/>\n\t<meta property=\"og:image:height\" content=\"626\" \/>\n\t<meta property=\"og:image:type\" content=\"image\/jpeg\" \/>\n<meta name=\"twitter:card\" content=\"summary_large_image\" \/>\n<meta name=\"twitter:label1\" content=\"Dur\u00e9e de lecture estim\u00e9e\" \/>\n\t<meta name=\"twitter:data1\" content=\"1 minute\" \/>\n<script type=\"application\/ld+json\" class=\"yoast-schema-graph\">{\"@context\":\"https:\\\/\\\/schema.org\",\"@graph\":[{\"@type\":\"WebPage\",\"@id\":\"https:\\\/\\\/zenwood.es\\\/product\\\/ebony-obten-tu-muestra\\\/\",\"url\":\"https:\\\/\\\/zenwood.es\\\/product\\\/ebony-obten-tu-muestra\\\/\",\"name\":\"EBONY OBT\u00c9N TU MUESTRA - Zenwood\",\"isPartOf\":{\"@id\":\"https:\\\/\\\/zenwood.es\\\/#website\"},\"primaryImageOfPage\":{\"@id\":\"https:\\\/\\\/zenwood.es\\\/product\\\/ebony-obten-tu-muestra\\\/#primaryimage\"},\"image\":{\"@id\":\"https:\\\/\\\/zenwood.es\\\/product\\\/ebony-obten-tu-muestra\\\/#primaryimage\"},\"thumbnailUrl\":\"https:\\\/\\\/zenwood.es\\\/wp-content\\\/uploads\\\/2025\\\/06\\\/naturalPNG-3-e1764686369356.jpg\",\"datePublished\":\"2025-09-10T07:38:23+00:00\",\"dateModified\":\"2025-12-02T14:39:33+00:00\",\"breadcrumb\":{\"@id\":\"https:\\\/\\\/zenwood.es\\\/product\\\/ebony-obten-tu-muestra\\\/#breadcrumb\"},\"inLanguage\":\"fr-FR\",\"potentialAction\":[{\"@type\":\"ReadAction\",\"target\":[\"https:\\\/\\\/zenwood.es\\\/product\\\/ebony-obten-tu-muestra\\\/\"]}]},{\"@type\":\"ImageObject\",\"inLanguage\":\"fr-FR\",\"@id\":\"https:\\\/\\\/zenwood.es\\\/product\\\/ebony-obten-tu-muestra\\\/#primaryimage\",\"url\":\"https:\\\/\\\/zenwood.es\\\/wp-content\\\/uploads\\\/2025\\\/06\\\/naturalPNG-3-e1764686369356.jpg\",\"contentUrl\":\"https:\\\/\\\/zenwood.es\\\/wp-content\\\/uploads\\\/2025\\\/06\\\/naturalPNG-3-e1764686369356.jpg\",\"width\":613,\"height\":626,\"caption\":\"zenwood\"},{\"@type\":\"BreadcrumbList\",\"@id\":\"https:\\\/\\\/zenwood.es\\\/product\\\/ebony-obten-tu-muestra\\\/#breadcrumb\",\"itemListElement\":[{\"@type\":\"ListItem\",\"position\":1,\"name\":\"Portada\",\"item\":\"https:\\\/\\\/zenwood.es\\\/\"},{\"@type\":\"ListItem\",\"position\":2,\"name\":\"Tienda\",\"item\":\"https:\\\/\\\/zenwood.es\\\/fr\\\/tienda\\\/\"},{\"@type\":\"ListItem\",\"position\":3,\"name\":\"EBONY OBT\u00c9N TU MUESTRA\"}]},{\"@type\":\"WebSite\",\"@id\":\"https:\\\/\\\/zenwood.es\\\/#website\",\"url\":\"https:\\\/\\\/zenwood.es\\\/\",\"name\":\"Zenwood\",\"description\":\"touched by nature\",\"publisher\":{\"@id\":\"https:\\\/\\\/zenwood.es\\\/#organization\"},\"potentialAction\":[{\"@type\":\"SearchAction\",\"target\":{\"@type\":\"EntryPoint\",\"urlTemplate\":\"https:\\\/\\\/zenwood.es\\\/?s={search_term_string}\"},\"query-input\":{\"@type\":\"PropertyValueSpecification\",\"valueRequired\":true,\"valueName\":\"search_term_string\"}}],\"inLanguage\":\"fr-FR\"},{\"@type\":\"Organization\",\"@id\":\"https:\\\/\\\/zenwood.es\\\/#organization\",\"name\":\"Zenwood\",\"url\":\"https:\\\/\\\/zenwood.es\\\/\",\"logo\":{\"@type\":\"ImageObject\",\"inLanguage\":\"fr-FR\",\"@id\":\"https:\\\/\\\/zenwood.es\\\/#\\\/schema\\\/logo\\\/image\\\/\",\"url\":\"https:\\\/\\\/zenwood.es\\\/wp-content\\\/uploads\\\/2025\\\/05\\\/logo-1.png\",\"contentUrl\":\"https:\\\/\\\/zenwood.es\\\/wp-content\\\/uploads\\\/2025\\\/05\\\/logo-1.png\",\"width\":524,\"height\":83,\"caption\":\"Zenwood\"},\"image\":{\"@id\":\"https:\\\/\\\/zenwood.es\\\/#\\\/schema\\\/logo\\\/image\\\/\"},\"sameAs\":[\"https:\\\/\\\/www.facebook.com\\\/zenwoodes\\\/\",\"https:\\\/\\\/www.instagram.com\\\/zenwoodes\",\"https:\\\/\\\/www.linkedin.com\\\/company\\\/zenwoodes\\\/\",\"https:\\\/\\\/www.youtube.com\\\/@ZENWOODes\"]}]}<\/script>\n<!-- \/ Yoast SEO plugin. -->","yoast_head_json":{"title":"EBONY OBT\u00c9N TU MUESTRA - Zenwood","robots":{"index":"index","follow":"follow","max-snippet":"max-snippet:-1","max-image-preview":"max-image-preview:large","max-video-preview":"max-video-preview:-1"},"canonical":"https:\/\/zenwood.es\/fr\/product\/ebony-obten-tu-muestra\/","og_locale":"fr_FR","og_type":"article","og_title":"EBONY OBT\u00c9N TU MUESTRA - Zenwood","og_description":"Dise\u00f1ado espec\u00edficamente para revestimientos exteriores, este acabado profundamente carbonizado no es apto para terrazas ni superficies de tr\u00e1nsito. El color negro intenso se mantiene estable incluso bajo la luz solar directa. Disponible en los perfiles PAR y UYS para instalaci\u00f3n vertical y horizontal, el Larch \u201cDeep Char\u201d ofrece un equilibrio perfecto entre protecci\u00f3n contra el fuego, profundidad visual y durabilidad arquitect\u00f3nica.","og_url":"https:\/\/zenwood.es\/fr\/product\/ebony-obten-tu-muestra\/","og_site_name":"Zenwood","article_publisher":"https:\/\/www.facebook.com\/zenwoodes\/","article_modified_time":"2025-12-02T14:39:33+00:00","og_image":[{"width":613,"height":626,"url":"https:\/\/zenwood.es\/wp-content\/uploads\/2025\/06\/naturalPNG-3-e1764686369356.jpg","type":"image\/jpeg"}],"twitter_card":"summary_large_image","twitter_misc":{"Dur\u00e9e de lecture estim\u00e9e":"1 minute"},"schema":{"@context":"https:\/\/schema.org","@graph":[{"@type":"WebPage","@id":"https:\/\/zenwood.es\/product\/ebony-obten-tu-muestra\/","url":"https:\/\/zenwood.es\/product\/ebony-obten-tu-muestra\/","name":"EBONY OBT\u00c9N TU MUESTRA - Zenwood","isPartOf":{"@id":"https:\/\/zenwood.es\/#website"},"primaryImageOfPage":{"@id":"https:\/\/zenwood.es\/product\/ebony-obten-tu-muestra\/#primaryimage"},"image":{"@id":"https:\/\/zenwood.es\/product\/ebony-obten-tu-muestra\/#primaryimage"},"thumbnailUrl":"https:\/\/zenwood.es\/wp-content\/uploads\/2025\/06\/naturalPNG-3-e1764686369356.jpg","datePublished":"2025-09-10T07:38:23+00:00","dateModified":"2025-12-02T14:39:33+00:00","breadcrumb":{"@id":"https:\/\/zenwood.es\/product\/ebony-obten-tu-muestra\/#breadcrumb"},"inLanguage":"fr-FR","potentialAction":[{"@type":"ReadAction","target":["https:\/\/zenwood.es\/product\/ebony-obten-tu-muestra\/"]}]},{"@type":"ImageObject","inLanguage":"fr-FR","@id":"https:\/\/zenwood.es\/product\/ebony-obten-tu-muestra\/#primaryimage","url":"https:\/\/zenwood.es\/wp-content\/uploads\/2025\/06\/naturalPNG-3-e1764686369356.jpg","contentUrl":"https:\/\/zenwood.es\/wp-content\/uploads\/2025\/06\/naturalPNG-3-e1764686369356.jpg","width":613,"height":626,"caption":"zenwood"},{"@type":"BreadcrumbList","@id":"https:\/\/zenwood.es\/product\/ebony-obten-tu-muestra\/#breadcrumb","itemListElement":[{"@type":"ListItem","position":1,"name":"Portada","item":"https:\/\/zenwood.es\/"},{"@type":"ListItem","position":2,"name":"Tienda","item":"https:\/\/zenwood.es\/fr\/tienda\/"},{"@type":"ListItem","position":3,"name":"EBONY OBT\u00c9N TU MUESTRA"}]},{"@type":"WebSite","@id":"https:\/\/zenwood.es\/#website","url":"https:\/\/zenwood.es\/","name":"Zenwood","description":"touched by nature","publisher":{"@id":"https:\/\/zenwood.es\/#organization"},"potentialAction":[{"@type":"SearchAction","target":{"@type":"EntryPoint","urlTemplate":"https:\/\/zenwood.es\/?s={search_term_string}"},"query-input":{"@type":"PropertyValueSpecification","valueRequired":true,"valueName":"search_term_string"}}],"inLanguage":"fr-FR"},{"@type":"Organization","@id":"https:\/\/zenwood.es\/#organization","name":"Zenwood","url":"https:\/\/zenwood.es\/","logo":{"@type":"ImageObject","inLanguage":"fr-FR","@id":"https:\/\/zenwood.es\/#\/schema\/logo\/image\/","url":"https:\/\/zenwood.es\/wp-content\/uploads\/2025\/05\/logo-1.png","contentUrl":"https:\/\/zenwood.es\/wp-content\/uploads\/2025\/05\/logo-1.png","width":524,"height":83,"caption":"Zenwood"},"image":{"@id":"https:\/\/zenwood.es\/#\/schema\/logo\/image\/"},"sameAs":["https:\/\/www.facebook.com\/zenwoodes\/","https:\/\/www.instagram.com\/zenwoodes","https:\/\/www.linkedin.com\/company\/zenwoodes\/","https:\/\/www.youtube.com\/@ZENWOODes"]}]}},"_links":{"self":[{"href":"https:\/\/zenwood.es\/fr\/wp-json\/wp\/v2\/product\/4277","targetHints":{"allow":["GET"]}}],"collection":[{"href":"https:\/\/zenwood.es\/fr\/wp-json\/wp\/v2\/product"}],"about":[{"href":"https:\/\/zenwood.es\/fr\/wp-json\/wp\/v2\/types\/product"}],"wp:featuredmedia":[{"embeddable":true,"href":"https:\/\/zenwood.es\/fr\/wp-json\/wp\/v2\/media\/477"}],"wp:attachment":[{"href":"https:\/\/zenwood.es\/fr\/wp-json\/wp\/v2\/media?parent=4277"}],"wp:term":[{"taxonomy":"product_brand","embeddable":true,"href":"https:\/\/zenwood.es\/fr\/wp-json\/wp\/v2\/product_brand?post=4277"},{"taxonomy":"product_cat","embeddable":true,"href":"https:\/\/zenwood.es\/fr\/wp-json\/wp\/v2\/product_cat?post=4277"},{"taxonomy":"product_tag","embeddable":true,"href":"https:\/\/zenwood.es\/fr\/wp-json\/wp\/v2\/product_tag?post=4277"}],"curies":[{"name":"wp","href":"https:\/\/api.w.org\/{rel}","templated":true}]}}