{"id":249,"date":"2025-06-05T16:07:07","date_gmt":"2025-06-05T16:07:07","guid":{"rendered":"https:\/\/zenwood.es\/?page_id=249"},"modified":"2025-08-26T07:33:21","modified_gmt":"2025-08-26T07:33:21","slug":"recinzioni","status":"publish","type":"page","link":"https:\/\/zenwood.es\/it\/recinzioni\/","title":{"rendered":"Vallas"},"content":{"rendered":"<div data-elementor-type=\"wp-page\" data-elementor-id=\"249\" class=\"elementor elementor-249\" data-elementor-post-type=\"page\">\n\t\t\t\t<div class=\"elementor-element elementor-element-77c8f51 e-flex e-con-boxed e-con e-parent\" data-id=\"77c8f51\" data-element_type=\"container\" data-e-type=\"container\" data-settings=\"{&quot;background_background&quot;:&quot;classic&quot;}\">\n\t\t\t\t\t<div class=\"e-con-inner\">\n\t\t<div class=\"elementor-element elementor-element-e22289a e-con-full e-flex e-con e-child\" data-id=\"e22289a\" data-element_type=\"container\" data-e-type=\"container\">\n\t\t\t\t<div class=\"elementor-element elementor-element-441303a elementor-widget elementor-widget-heading\" data-id=\"441303a\" data-element_type=\"widget\" data-e-type=\"widget\" data-widget_type=\"heading.default\">\n\t\t\t\t\t<h2 class=\"elementor-heading-title elementor-size-default\">Vallas<\/h2>\t\t\t\t<\/div>\n\t\t\t\t<div class=\"elementor-element elementor-element-1949d37 elementor-widget elementor-widget-heading\" data-id=\"1949d37\" data-element_type=\"widget\" data-e-type=\"widget\" data-widget_type=\"heading.default\">\n\t\t\t\t\t<h2 class=\"elementor-heading-title elementor-size-default\">legno bruciato<\/h2>\t\t\t\t<\/div>\n\t\t\t\t<div class=\"elementor-element elementor-element-a1ff0a1 elementor-widget elementor-widget-shortcode\" data-id=\"a1ff0a1\" data-element_type=\"widget\" data-e-type=\"widget\" data-widget_type=\"shortcode.default\">\n\t\t\t\t\t\t\t<div class=\"elementor-shortcode\"><span><span><a href=\"https:\/\/zenwood.es\/it\">Prima pagina<\/a><\/span><\/span><\/div>\n\t\t\t\t\t\t<\/div>\n\t\t\t\t<\/div>\n\t\t<div class=\"elementor-element elementor-element-440da63 e-con-full e-flex e-con e-child\" data-id=\"440da63\" data-element_type=\"container\" data-e-type=\"container\">\n\t\t\t\t<div class=\"elementor-element elementor-element-376742d elementor-widget elementor-widget-image\" data-id=\"376742d\" data-element_type=\"widget\" data-e-type=\"widget\" data-widget_type=\"image.default\">\n\t\t\t\t\t\t\t\t\t\t\t\t\t\t\t<img fetchpriority=\"high\" decoding=\"async\" width=\"438\" height=\"471\" src=\"https:\/\/zenwood.es\/wp-content\/uploads\/2025\/05\/Frame-50-2.png\" class=\"attachment-large size-large wp-image-208\" alt=\"zenwood\" srcset=\"https:\/\/zenwood.es\/wp-content\/uploads\/2025\/05\/Frame-50-2.png 438w, https:\/\/zenwood.es\/wp-content\/uploads\/2025\/05\/Frame-50-2-279x300.png 279w\" sizes=\"(max-width: 438px) 100vw, 438px\" \/>\t\t\t\t\t\t\t\t\t\t\t\t\t\t\t<\/div>\n\t\t\t\t<\/div>\n\t\t\t\t\t<\/div>\n\t\t\t\t<\/div>\n\t\t<div class=\"elementor-element elementor-element-cc35451 e-flex e-con-boxed e-con e-parent\" data-id=\"cc35451\" data-element_type=\"container\" data-e-type=\"container\" data-settings=\"{&quot;background_background&quot;:&quot;classic&quot;}\">\n\t\t\t\t\t<div class=\"e-con-inner\">\n\t\t<div class=\"elementor-element elementor-element-ee85f44 e-con-full e-flex e-con e-child\" data-id=\"ee85f44\" data-element_type=\"container\" data-e-type=\"container\">\n\t\t<div class=\"elementor-element elementor-element-1d74665 e-con-full e-flex e-con e-child\" data-id=\"1d74665\" data-element_type=\"container\" data-e-type=\"container\">\n\t\t\t\t<div class=\"elementor-element elementor-element-42aeb64 elementor-widget elementor-widget-text-editor\" data-id=\"42aeb64\" data-element_type=\"widget\" data-e-type=\"widget\" data-widget_type=\"text-editor.default\">\n\t\t\t\t\t\t\t\t\t<p><span style=\"vertical-align: inherit;\"><span style=\"vertical-align: inherit;\"><span style=\"vertical-align: inherit;\"><span style=\"vertical-align: inherit;\">Fences<\/span><\/span><\/span><\/span><\/p>\t\t\t\t\t\t\t\t<\/div>\n\t\t\t\t<\/div>\n\t\t<div class=\"elementor-element elementor-element-223dfcf e-con-full e-flex e-con e-child\" data-id=\"223dfcf\" data-element_type=\"container\" data-e-type=\"container\">\n\t\t\t\t<div class=\"elementor-element elementor-element-f68c00b elementor-align-right elementor-mobile-align-center elementor-widget elementor-widget-button\" data-id=\"f68c00b\" data-element_type=\"widget\" data-e-type=\"widget\" data-widget_type=\"button.default\">\n\t\t\t\t\t\t\t\t\t\t<a class=\"elementor-button elementor-button-link elementor-size-sm\" href=\"#popmake-3214\">\n\t\t\t\t\t\t<span class=\"elementor-button-content-wrapper\">\n\t\t\t\t\t\t\t\t\t<span class=\"elementor-button-text\">Solicitar una cotizaci\u00f3n<\/span>\n\t\t\t\t\t<\/span>\n\t\t\t\t\t<\/a>\n\t\t\t\t\t\t\t\t<\/div>\n\t\t\t\t<\/div>\n\t\t\t\t<\/div>\n\t\t<div class=\"elementor-element elementor-element-7a2763e e-con-full e-flex e-con e-child\" data-id=\"7a2763e\" data-element_type=\"container\" data-e-type=\"container\" data-settings=\"{&quot;background_background&quot;:&quot;classic&quot;}\">\n\t\t<div class=\"elementor-element elementor-element-cf6829e e-con-full e-flex e-con e-child\" data-id=\"cf6829e\" data-element_type=\"container\" data-e-type=\"container\">\n\t\t\t\t<div class=\"elementor-element elementor-element-c14286e elementor-widget elementor-widget-image\" data-id=\"c14286e\" data-element_type=\"widget\" data-e-type=\"widget\" data-widget_type=\"image.default\">\n\t\t\t\t\t\t\t\t\t\t\t\t\t\t\t<img decoding=\"async\" width=\"413\" height=\"551\" src=\"https:\/\/zenwood.es\/wp-content\/uploads\/2025\/06\/20191118_133238-1.jpg\" class=\"attachment-large size-large wp-image-254\" alt=\"zenwood\" srcset=\"https:\/\/zenwood.es\/wp-content\/uploads\/2025\/06\/20191118_133238-1.jpg 413w, https:\/\/zenwood.es\/wp-content\/uploads\/2025\/06\/20191118_133238-1-225x300.jpg 225w\" sizes=\"(max-width: 413px) 100vw, 413px\" \/>\t\t\t\t\t\t\t\t\t\t\t\t\t\t\t<\/div>\n\t\t\t\t<div class=\"elementor-element elementor-element-1f99462 elementor-widget elementor-widget-text-editor\" data-id=\"1f99462\" data-element_type=\"widget\" data-e-type=\"widget\" data-widget_type=\"text-editor.default\">\n\t\t\t\t\t\t\t\t\t<p class=\"translation-block\">En Zenwood, transformamos la madera en sistemas de vallado que van mucho m\u00e1s all\u00e1 de su funci\u00f3n b\u00e1sica. Nuestras vallas de madera carbonizada son una expresi\u00f3n de dise\u00f1o consciente, una soluci\u00f3n arquitect\u00f3nica con car\u00e1cter, y una apuesta clara por<strong> la sostenibilidad y la durabilidad a largo plazo.<\/strong><br><br>Las vallas no solo delimitan espacios; definen visualmente el entorno y son <strong>muchas veces el primer contacto est\u00e9tico con una vivienda o proyecto.<\/strong> Por ello, deben cumplir tanto con criterios funcionales como con una integraci\u00f3n arm\u00f3nica al paisaje.<\/p>\t\t\t\t\t\t\t\t<\/div>\n\t\t\t\t<div class=\"elementor-element elementor-element-7841174 elementor-align-left elementor-mobile-align-center elementor-widget elementor-widget-button\" data-id=\"7841174\" data-element_type=\"widget\" data-e-type=\"widget\" data-widget_type=\"button.default\">\n\t\t\t\t\t\t\t\t\t\t<a class=\"elementor-button elementor-button-link elementor-size-sm\" href=\"https:\/\/zenwood.es\/it\/revestimiento-madera-exterior\/\">\n\t\t\t\t\t\t<span class=\"elementor-button-content-wrapper\">\n\t\t\t\t\t\t\t\t\t<span class=\"elementor-button-text\">Gama de acabados<\/span>\n\t\t\t\t\t<\/span>\n\t\t\t\t\t<\/a>\n\t\t\t\t\t\t\t\t<\/div>\n\t\t\t\t<\/div>\n\t\t<div class=\"elementor-element elementor-element-a5a7f18 e-con-full e-flex e-con e-child\" data-id=\"a5a7f18\" data-element_type=\"container\" data-e-type=\"container\">\n\t\t\t\t<div class=\"elementor-element elementor-element-4ad4992 elementor-widget elementor-widget-image\" data-id=\"4ad4992\" data-element_type=\"widget\" data-e-type=\"widget\" data-widget_type=\"image.default\">\n\t\t\t\t\t\t\t\t\t\t\t\t\t\t\t<img decoding=\"async\" width=\"413\" height=\"551\" src=\"https:\/\/zenwood.es\/wp-content\/uploads\/2025\/06\/IMG_20191118_171017_659-1.jpg\" class=\"attachment-large size-large wp-image-253\" alt=\"zenwood\" srcset=\"https:\/\/zenwood.es\/wp-content\/uploads\/2025\/06\/IMG_20191118_171017_659-1.jpg 413w, https:\/\/zenwood.es\/wp-content\/uploads\/2025\/06\/IMG_20191118_171017_659-1-225x300.jpg 225w\" sizes=\"(max-width: 413px) 100vw, 413px\" \/>\t\t\t\t\t\t\t\t\t\t\t\t\t\t\t<\/div>\n\t\t\t\t<div class=\"elementor-element elementor-element-dbf64e6 elementor-widget elementor-widget-text-editor\" data-id=\"dbf64e6\" data-element_type=\"widget\" data-e-type=\"widget\" data-widget_type=\"text-editor.default\">\n\t\t\t\t\t\t\t\t\t<p class=\"translation-block\">La madera tratada con la t\u00e9cnica japonesa <strong>Yakisugi<\/strong> ofrece una alternativa sofisticada y resistente para soluciones de cerramiento que se mantendr\u00e1n estables durante a\u00f1os, incluso en condiciones clim\u00e1ticas exigentes. Gracias al proceso de carbonizaci\u00f3n controlada, las vallas Zenwood resisten mejor la humedad, los insectos, el fuego y el desgaste natural, sin perder la belleza ni la textura aut\u00e9ntica del material.<br><br>Adem\u00e1s de su rendimiento t\u00e9cnico, nuestras vallas aportan calidez visual, elegancia natural y un impacto ambiental reducido, adapt\u00e1ndose con fluidez tanto a entornos rurales como urbanos.<br><br>Si busca una soluci\u00f3n de cercado que combine est\u00e9tica atemporal, bajo mantenimiento y respeto por el entorno, Zenwood es su aliado. Nuestro equipo estar\u00e1 encantado de asesorarle y ayudarle a encontrar la opci\u00f3n m\u00e1s adecuada para su proyecto.<\/p>\t\t\t\t\t\t\t\t<\/div>\n\t\t\t\t<\/div>\n\t\t<div class=\"elementor-element elementor-element-b6d46e4 e-con-full e-flex e-con e-child\" data-id=\"b6d46e4\" data-element_type=\"container\" data-e-type=\"container\">\n\t\t\t\t<div class=\"elementor-element elementor-element-ec1f9d0 elementor-widget elementor-widget-image\" data-id=\"ec1f9d0\" data-element_type=\"widget\" data-e-type=\"widget\" data-widget_type=\"image.default\">\n\t\t\t\t\t\t\t\t\t\t\t\t\t\t\t<img loading=\"lazy\" decoding=\"async\" width=\"414\" height=\"551\" src=\"https:\/\/zenwood.es\/wp-content\/uploads\/2025\/06\/20191118_133222-1.jpg\" class=\"attachment-large size-large wp-image-252\" alt=\"zenwood\" srcset=\"https:\/\/zenwood.es\/wp-content\/uploads\/2025\/06\/20191118_133222-1.jpg 414w, https:\/\/zenwood.es\/wp-content\/uploads\/2025\/06\/20191118_133222-1-225x300.jpg 225w\" sizes=\"(max-width: 414px) 100vw, 414px\" \/>\t\t\t\t\t\t\t\t\t\t\t\t\t\t\t<\/div>\n\t\t\t\t<div class=\"elementor-element elementor-element-f719935 elementor-widget elementor-widget-heading\" data-id=\"f719935\" data-element_type=\"widget\" data-e-type=\"widget\" data-widget_type=\"heading.default\">\n\t\t\t\t\t<h5 class=\"elementor-heading-title elementor-size-default\"><b>Recomendaci\u00f3n:<\/b> Alerce, Abeto.<\/h5>\t\t\t\t<\/div>\n\t\t\t\t<\/div>\n\t\t\t\t<\/div>\n\t\t\t\t\t<\/div>\n\t\t\t\t<\/div>\n\t\t\t\t<\/div>","protected":false},"excerpt":{"rendered":"<p>Vallas madera quemada Fences Solicitar una cotizaci\u00f3n En Zenwood, transformamos la madera en sistemas de vallado que van mucho m\u00e1s all\u00e1 de su funci\u00f3n b\u00e1sica. Nuestras vallas de madera carbonizada son una expresi\u00f3n de dise\u00f1o consciente, una soluci\u00f3n arquitect\u00f3nica con car\u00e1cter, y una apuesta clara por la sostenibilidad y la durabilidad a largo plazo. Las [&hellip;]<\/p>\n","protected":false},"author":5,"featured_media":0,"parent":0,"menu_order":0,"comment_status":"closed","ping_status":"closed","template":"","meta":{"_acf_changed":false,"_joinchat":[],"footnotes":""},"class_list":["post-249","page","type-page","status-publish","hentry"],"acf":[],"yoast_head":"<!-- This site is optimized with the Yoast SEO plugin v27.4 - https:\/\/yoast.com\/product\/yoast-seo-wordpress\/ -->\n<title>Seguridad con estilo \u2013 \u00a1Descubre nuestras vallas de madera carbonizada hoy mismo!<\/title>\n<meta name=\"robots\" content=\"index, follow, max-snippet:-1, max-image-preview:large, max-video-preview:-1\" \/>\n<link rel=\"canonical\" href=\"https:\/\/zenwood.es\/it\/recinzioni\/\" \/>\n<meta property=\"og:locale\" content=\"it_IT\" \/>\n<meta property=\"og:type\" content=\"article\" \/>\n<meta property=\"og:title\" content=\"Seguridad con estilo \u2013 \u00a1Descubre nuestras vallas de madera carbonizada hoy mismo!\" \/>\n<meta property=\"og:description\" content=\"Vallas madera quemada Fences Solicitar una cotizaci\u00f3n En Zenwood, transformamos la madera en sistemas de vallado que van mucho m\u00e1s all\u00e1 de su funci\u00f3n b\u00e1sica. Nuestras vallas de madera carbonizada son una expresi\u00f3n de dise\u00f1o consciente, una soluci\u00f3n arquitect\u00f3nica con car\u00e1cter, y una apuesta clara por la sostenibilidad y la durabilidad a largo plazo. Las [&hellip;]\" \/>\n<meta property=\"og:url\" content=\"https:\/\/zenwood.es\/it\/recinzioni\/\" \/>\n<meta property=\"og:site_name\" content=\"Zenwood\" \/>\n<meta property=\"article:publisher\" content=\"https:\/\/www.facebook.com\/zenwoodes\/\" \/>\n<meta property=\"article:modified_time\" content=\"2025-08-26T07:33:21+00:00\" \/>\n<meta property=\"og:image\" content=\"https:\/\/zenwood.es\/wp-content\/uploads\/2025\/05\/Frame-50-2.png\" \/>\n<meta name=\"twitter:card\" content=\"summary_large_image\" \/>\n<meta name=\"twitter:label1\" content=\"Tempo di lettura stimato\" \/>\n\t<meta name=\"twitter:data1\" content=\"2 minuti\" \/>\n<script type=\"application\/ld+json\" class=\"yoast-schema-graph\">{\"@context\":\"https:\\\/\\\/schema.org\",\"@graph\":[{\"@type\":\"WebPage\",\"@id\":\"https:\\\/\\\/zenwood.es\\\/fr\\\/barrieres\\\/\",\"url\":\"https:\\\/\\\/zenwood.es\\\/fr\\\/barrieres\\\/\",\"name\":\"Seguridad con estilo \u2013 \u00a1Descubre nuestras vallas de madera carbonizada hoy mismo!\",\"isPartOf\":{\"@id\":\"https:\\\/\\\/zenwood.es\\\/#website\"},\"primaryImageOfPage\":{\"@id\":\"https:\\\/\\\/zenwood.es\\\/fr\\\/barrieres\\\/#primaryimage\"},\"image\":{\"@id\":\"https:\\\/\\\/zenwood.es\\\/fr\\\/barrieres\\\/#primaryimage\"},\"thumbnailUrl\":\"https:\\\/\\\/zenwood.es\\\/wp-content\\\/uploads\\\/2025\\\/05\\\/Frame-50-2.png\",\"datePublished\":\"2025-06-05T16:07:07+00:00\",\"dateModified\":\"2025-08-26T07:33:21+00:00\",\"breadcrumb\":{\"@id\":\"https:\\\/\\\/zenwood.es\\\/fr\\\/barrieres\\\/#breadcrumb\"},\"inLanguage\":\"it-IT\",\"potentialAction\":[{\"@type\":\"ReadAction\",\"target\":[\"https:\\\/\\\/zenwood.es\\\/fr\\\/barrieres\\\/\"]}]},{\"@type\":\"ImageObject\",\"inLanguage\":\"it-IT\",\"@id\":\"https:\\\/\\\/zenwood.es\\\/fr\\\/barrieres\\\/#primaryimage\",\"url\":\"https:\\\/\\\/zenwood.es\\\/wp-content\\\/uploads\\\/2025\\\/05\\\/Frame-50-2.png\",\"contentUrl\":\"https:\\\/\\\/zenwood.es\\\/wp-content\\\/uploads\\\/2025\\\/05\\\/Frame-50-2.png\"},{\"@type\":\"BreadcrumbList\",\"@id\":\"https:\\\/\\\/zenwood.es\\\/fr\\\/barrieres\\\/#breadcrumb\",\"itemListElement\":[{\"@type\":\"ListItem\",\"position\":1,\"name\":\"Portada\",\"item\":\"https:\\\/\\\/zenwood.es\\\/\"},{\"@type\":\"ListItem\",\"position\":2,\"name\":\"Vallas\"}]},{\"@type\":\"WebSite\",\"@id\":\"https:\\\/\\\/zenwood.es\\\/#website\",\"url\":\"https:\\\/\\\/zenwood.es\\\/\",\"name\":\"Zenwood\",\"description\":\"touched by nature\",\"publisher\":{\"@id\":\"https:\\\/\\\/zenwood.es\\\/#organization\"},\"potentialAction\":[{\"@type\":\"SearchAction\",\"target\":{\"@type\":\"EntryPoint\",\"urlTemplate\":\"https:\\\/\\\/zenwood.es\\\/?s={search_term_string}\"},\"query-input\":{\"@type\":\"PropertyValueSpecification\",\"valueRequired\":true,\"valueName\":\"search_term_string\"}}],\"inLanguage\":\"it-IT\"},{\"@type\":\"Organization\",\"@id\":\"https:\\\/\\\/zenwood.es\\\/#organization\",\"name\":\"Zenwood\",\"url\":\"https:\\\/\\\/zenwood.es\\\/\",\"logo\":{\"@type\":\"ImageObject\",\"inLanguage\":\"it-IT\",\"@id\":\"https:\\\/\\\/zenwood.es\\\/#\\\/schema\\\/logo\\\/image\\\/\",\"url\":\"https:\\\/\\\/zenwood.es\\\/wp-content\\\/uploads\\\/2025\\\/05\\\/logo-1.png\",\"contentUrl\":\"https:\\\/\\\/zenwood.es\\\/wp-content\\\/uploads\\\/2025\\\/05\\\/logo-1.png\",\"width\":524,\"height\":83,\"caption\":\"Zenwood\"},\"image\":{\"@id\":\"https:\\\/\\\/zenwood.es\\\/#\\\/schema\\\/logo\\\/image\\\/\"},\"sameAs\":[\"https:\\\/\\\/www.facebook.com\\\/zenwoodes\\\/\",\"https:\\\/\\\/www.instagram.com\\\/zenwoodes\",\"https:\\\/\\\/www.linkedin.com\\\/company\\\/zenwoodes\\\/\",\"https:\\\/\\\/www.youtube.com\\\/@ZENWOODes\"]}]}<\/script>\n<!-- \/ Yoast SEO plugin. -->","yoast_head_json":{"title":"Seguridad con estilo \u2013 \u00a1Descubre nuestras vallas de madera carbonizada hoy mismo!","robots":{"index":"index","follow":"follow","max-snippet":"max-snippet:-1","max-image-preview":"max-image-preview:large","max-video-preview":"max-video-preview:-1"},"canonical":"https:\/\/zenwood.es\/it\/recinzioni\/","og_locale":"it_IT","og_type":"article","og_title":"Seguridad con estilo \u2013 \u00a1Descubre nuestras vallas de madera carbonizada hoy mismo!","og_description":"Vallas madera quemada Fences Solicitar una cotizaci\u00f3n En Zenwood, transformamos la madera en sistemas de vallado que van mucho m\u00e1s all\u00e1 de su funci\u00f3n b\u00e1sica. Nuestras vallas de madera carbonizada son una expresi\u00f3n de dise\u00f1o consciente, una soluci\u00f3n arquitect\u00f3nica con car\u00e1cter, y una apuesta clara por la sostenibilidad y la durabilidad a largo plazo. Las [&hellip;]","og_url":"https:\/\/zenwood.es\/it\/recinzioni\/","og_site_name":"Zenwood","article_publisher":"https:\/\/www.facebook.com\/zenwoodes\/","article_modified_time":"2025-08-26T07:33:21+00:00","og_image":[{"url":"https:\/\/zenwood.es\/wp-content\/uploads\/2025\/05\/Frame-50-2.png","type":"","width":"","height":""}],"twitter_card":"summary_large_image","twitter_misc":{"Tempo di lettura stimato":"2 minuti"},"schema":{"@context":"https:\/\/schema.org","@graph":[{"@type":"WebPage","@id":"https:\/\/zenwood.es\/fr\/barrieres\/","url":"https:\/\/zenwood.es\/fr\/barrieres\/","name":"Seguridad con estilo \u2013 \u00a1Descubre nuestras vallas de madera carbonizada hoy mismo!","isPartOf":{"@id":"https:\/\/zenwood.es\/#website"},"primaryImageOfPage":{"@id":"https:\/\/zenwood.es\/fr\/barrieres\/#primaryimage"},"image":{"@id":"https:\/\/zenwood.es\/fr\/barrieres\/#primaryimage"},"thumbnailUrl":"https:\/\/zenwood.es\/wp-content\/uploads\/2025\/05\/Frame-50-2.png","datePublished":"2025-06-05T16:07:07+00:00","dateModified":"2025-08-26T07:33:21+00:00","breadcrumb":{"@id":"https:\/\/zenwood.es\/fr\/barrieres\/#breadcrumb"},"inLanguage":"it-IT","potentialAction":[{"@type":"ReadAction","target":["https:\/\/zenwood.es\/fr\/barrieres\/"]}]},{"@type":"ImageObject","inLanguage":"it-IT","@id":"https:\/\/zenwood.es\/fr\/barrieres\/#primaryimage","url":"https:\/\/zenwood.es\/wp-content\/uploads\/2025\/05\/Frame-50-2.png","contentUrl":"https:\/\/zenwood.es\/wp-content\/uploads\/2025\/05\/Frame-50-2.png"},{"@type":"BreadcrumbList","@id":"https:\/\/zenwood.es\/fr\/barrieres\/#breadcrumb","itemListElement":[{"@type":"ListItem","position":1,"name":"Portada","item":"https:\/\/zenwood.es\/"},{"@type":"ListItem","position":2,"name":"Vallas"}]},{"@type":"WebSite","@id":"https:\/\/zenwood.es\/#website","url":"https:\/\/zenwood.es\/","name":"Zenwood","description":"touched by nature","publisher":{"@id":"https:\/\/zenwood.es\/#organization"},"potentialAction":[{"@type":"SearchAction","target":{"@type":"EntryPoint","urlTemplate":"https:\/\/zenwood.es\/?s={search_term_string}"},"query-input":{"@type":"PropertyValueSpecification","valueRequired":true,"valueName":"search_term_string"}}],"inLanguage":"it-IT"},{"@type":"Organization","@id":"https:\/\/zenwood.es\/#organization","name":"Zenwood","url":"https:\/\/zenwood.es\/","logo":{"@type":"ImageObject","inLanguage":"it-IT","@id":"https:\/\/zenwood.es\/#\/schema\/logo\/image\/","url":"https:\/\/zenwood.es\/wp-content\/uploads\/2025\/05\/logo-1.png","contentUrl":"https:\/\/zenwood.es\/wp-content\/uploads\/2025\/05\/logo-1.png","width":524,"height":83,"caption":"Zenwood"},"image":{"@id":"https:\/\/zenwood.es\/#\/schema\/logo\/image\/"},"sameAs":["https:\/\/www.facebook.com\/zenwoodes\/","https:\/\/www.instagram.com\/zenwoodes","https:\/\/www.linkedin.com\/company\/zenwoodes\/","https:\/\/www.youtube.com\/@ZENWOODes"]}]}},"_links":{"self":[{"href":"https:\/\/zenwood.es\/it\/wp-json\/wp\/v2\/pages\/249","targetHints":{"allow":["GET"]}}],"collection":[{"href":"https:\/\/zenwood.es\/it\/wp-json\/wp\/v2\/pages"}],"about":[{"href":"https:\/\/zenwood.es\/it\/wp-json\/wp\/v2\/types\/page"}],"author":[{"embeddable":true,"href":"https:\/\/zenwood.es\/it\/wp-json\/wp\/v2\/users\/5"}],"replies":[{"embeddable":true,"href":"https:\/\/zenwood.es\/it\/wp-json\/wp\/v2\/comments?post=249"}],"version-history":[{"count":15,"href":"https:\/\/zenwood.es\/it\/wp-json\/wp\/v2\/pages\/249\/revisions"}],"predecessor-version":[{"id":3912,"href":"https:\/\/zenwood.es\/it\/wp-json\/wp\/v2\/pages\/249\/revisions\/3912"}],"wp:attachment":[{"href":"https:\/\/zenwood.es\/it\/wp-json\/wp\/v2\/media?parent=249"}],"curies":[{"name":"wp","href":"https:\/\/api.w.org\/{rel}","templated":true}]}}