{"id":3,"date":"2025-05-15T19:08:15","date_gmt":"2025-05-15T19:08:15","guid":{"rendered":"https:\/\/zenwood.es\/?page_id=3"},"modified":"2025-09-19T12:27:20","modified_gmt":"2025-09-19T12:27:20","slug":"privacy-policy","status":"publish","type":"page","link":"https:\/\/zenwood.es\/it\/privacy-policy\/","title":{"rendered":"politica sulla riservatezza"},"content":{"rendered":"<div data-elementor-type=\"wp-page\" data-elementor-id=\"3\" class=\"elementor elementor-3\" data-elementor-post-type=\"page\">\n\t\t\t\t<div class=\"elementor-element elementor-element-4558571 e-flex e-con-boxed e-con e-parent\" data-id=\"4558571\" data-element_type=\"container\" data-e-type=\"container\" data-settings=\"{&quot;background_background&quot;:&quot;classic&quot;}\">\n\t\t\t\t\t<div class=\"e-con-inner\">\n\t\t<div class=\"elementor-element elementor-element-11f693d e-con-full e-flex e-con e-child\" data-id=\"11f693d\" data-element_type=\"container\" data-e-type=\"container\">\n\t\t\t\t<div class=\"elementor-element elementor-element-4f2576d elementor-widget elementor-widget-shortcode\" data-id=\"4f2576d\" data-element_type=\"widget\" data-e-type=\"widget\" data-widget_type=\"shortcode.default\">\n\t\t\t\t\t\t\t<div class=\"elementor-shortcode\"><span><span><a href=\"https:\/\/zenwood.es\/it\">Prima pagina<\/a><\/span><\/span><\/div>\n\t\t\t\t\t\t<\/div>\n\t\t\t\t<\/div>\n\t\t<div class=\"elementor-element elementor-element-7e626c0 e-con-full e-flex e-con e-child\" data-id=\"7e626c0\" data-element_type=\"container\" data-e-type=\"container\">\n\t\t\t\t<div class=\"elementor-element elementor-element-f555078 elementor-widget elementor-widget-image\" data-id=\"f555078\" data-element_type=\"widget\" data-e-type=\"widget\" data-widget_type=\"image.default\">\n\t\t\t\t\t\t\t\t\t\t\t\t\t\t\t<img fetchpriority=\"high\" decoding=\"async\" width=\"438\" height=\"471\" src=\"https:\/\/zenwood.es\/wp-content\/uploads\/2025\/05\/Frame-50-2.png\" class=\"attachment-large size-large wp-image-208\" alt=\"zenwood\" srcset=\"https:\/\/zenwood.es\/wp-content\/uploads\/2025\/05\/Frame-50-2.png 438w, https:\/\/zenwood.es\/wp-content\/uploads\/2025\/05\/Frame-50-2-279x300.png 279w\" sizes=\"(max-width: 438px) 100vw, 438px\" \/>\t\t\t\t\t\t\t\t\t\t\t\t\t\t\t<\/div>\n\t\t\t\t<\/div>\n\t\t\t\t\t<\/div>\n\t\t\t\t<\/div>\n\t\t<div class=\"elementor-element elementor-element-5c9db957 e-flex e-con-boxed e-con e-parent\" data-id=\"5c9db957\" data-element_type=\"container\" data-e-type=\"container\">\n\t\t\t\t\t<div class=\"e-con-inner\">\n\t\t\t\t<div class=\"elementor-element elementor-element-15aecfba elementor-widget elementor-widget-text-editor\" data-id=\"15aecfba\" data-element_type=\"widget\" data-e-type=\"widget\" data-widget_type=\"text-editor.default\">\n\t\t\t\t\t\t\t\t\t\n<p>Pol\u00edtica de Privacidad (RGPD)<\/p>\n<p>Zenwood Solutions, S.L. si impegna a proteggere i dati personali degli utenti e dei clienti, rispettando le disposizioni del Regolamento (UE) 2016\/679 Generale sulla Protezione dei Dati (RGPD) e della Legge Organica 3\/2018, sulla Protezione dei Dati Personali e la Garanzia dei Diritti Digitali (LOPDGDD). Di seguito sono riportate le informazioni sulla nostra politica sulla privacy e sul trattamento dei dati personali:<\/p>\n<p>Responsable del Tratamiento: El responsable de los datos personales recogidos a trav\u00e9s del Sitio Web es Zenwood Solutions, S.L., con los datos de contacto indicados en el Aviso Legal (domicilio en Carrer dels Pins 6, 08629 Torrelles de Llobregat, Barcelona, correo hola@zenwood.es).<\/p>\n<p>Dati personali che raccogliamo e finalit\u00e0: Zenwood raccoglie dati personali solo attraverso i moduli e le funzionalit\u00e0 volontarie del sito web. Nello specifico, potremmo richiedere e trattare dati (quali nome, cognome, email, telefono, indirizzo postale e altre informazioni di contatto o identificative) nei seguenti casi:<\/p>\n<p>\u2022 Formulario de contacto: Para atender consultas o solicitudes de informaci\u00f3n comercial que nos env\u00ede el usuario.<\/p>\n<p>\u2022 Suscripci\u00f3n a newsletter: Para enviar comunicaciones informativas o promocionales por correo electr\u00f3nico a quienes se inscriban voluntariamente en nuestra lista de distribuci\u00f3n de noticias.<\/p>\n<p>\u2022 Solicitud de muestras: Para gestionar el env\u00edo de muestras de producto que el usuario solicite, lo que puede requerir datos de env\u00edo (por ejemplo, direcci\u00f3n postal) y detalles del tipo de muestra deseada.<\/p>\n<p>\u2022 Solicitud de presupuesto o pedido personalizado: Para elaborar y facilitar al interesado una cotizaci\u00f3n o propuesta comercial adaptada a sus requerimientos (p. ej., caracter\u00edsticas de un producto de madera a medida, dimensiones, acabados, etc.), as\u00ed como para las ulteriores gestiones precontractuales y contractuales necesarias (comunicaci\u00f3n con el cliente, formalizaci\u00f3n del pedido, facturaci\u00f3n, log\u00edstica de entrega, etc.).<\/p>\n<p>Ogni modulo indicher\u00e0 chiaramente quali dati vengono richiesti e per quale scopo vengono raccolti. In ogni caso, Zenwood utilizzer\u00e0 i dati personali forniti solo per gli scopi espliciti e legittimi per i quali sono stati ottenuti. I dati non verranno utilizzati per scopi incompatibili con quelli descritti.<\/p>\n<p>Legittimazione del trattamento: La base giuridica che ci consente di trattare i dati personali varia a seconda della natura dell'interazione: (a) il proprio consenso dell'utente, che si intende liberamente prestato al momento dell'invio di un modulo di contatto o dell'iscrizione alla newsletter (l'utente pu\u00f2 revocare tale consenso in qualsiasi momento); (b) L'esecuzione di misure precontrattuali o di un contratto quando l'interessato richiede un preventivo, un campione o effettua un ordine di nostri prodotti personalizzati (il trattamento dei dati \u00e8 necessario per l'instaurazione e l'esecuzione del rapporto commerciale richiesto dal cliente); e (c) Rispetto degli obblighi legali applicabili a Zenwood (ad esempio, obblighi fiscali e contabili derivanti da transazioni commerciali, che ci impongono di conservare determinati dati sulle fatture). In alcuni casi, possiamo anche invocare il nostro legittimo interesse per rispondere a domande o mantenere comunicazioni commerciali con i clienti, a condizione che tale interesse non prevalga sui diritti e sulle libert\u00e0 dell'interessato.<\/p>\n<p>Legittimazione del trattamento: La base giuridica che ci consente di trattare i dati personali varia a seconda della natura dell'interazione: (a) il proprio consenso dell'utente, che si intende liberamente prestato al momento dell'invio di un modulo di contatto o dell'iscrizione alla newsletter (l'utente pu\u00f2 revocare tale consenso in qualsiasi momento); (b) L'esecuzione di misure precontrattuali o di un contratto quando l'interessato richiede un preventivo, un campione o effettua un ordine di nostri prodotti personalizzati (il trattamento dei dati \u00e8 necessario per l'instaurazione e l'esecuzione del rapporto commerciale richiesto dal cliente); e (c) Rispetto degli obblighi legali applicabili a Zenwood (ad esempio, obblighi fiscali e contabili derivanti da transazioni commerciali, che ci impongono di conservare determinati dati sulle fatture). In alcuni casi, possiamo anche invocare il nostro legittimo interesse per rispondere a domande o mantenere comunicazioni commerciali con i clienti, a condizione che tale interesse non prevalga sui diritti e sulle libert\u00e0 dell'interessato.<\/p>\n<p>Destinatari dei dati e trasferimenti: Zenwood non vende n\u00e9 trasferisce i dati personali degli utenti a terzi, tranne nei casi necessari per la fornitura dei nostri servizi o il rispetto di obblighi di legge. In particolare, i dati potranno essere comunicati alle seguenti categorie di destinatari:<\/p>\n<p>\u2022 Encargados de tratamiento: Terceros proveedores que prestan servicios a Zenwood y que requieren acceder a datos personales bajo nuestras instrucciones, con la finalidad de ayudarnos en la gesti\u00f3n de la actividad. Por ejemplo:<\/p>\n<p>\u2022 La plataforma de gesti\u00f3n empresarial Holded (servicio SaaS ubicado en la UE) donde almacenamos datos de clientes, facturaci\u00f3n y pedidos de forma segura.<\/p>\n<p>\u2022 Nuestro servicio de correo electr\u00f3nico corporativo, a trav\u00e9s del cual se env\u00edan y reciben las comunicaciones (el proveedor de email act\u00faa tambi\u00e9n como encargado del tratamiento al albergar temporalmente los mensajes con datos).<\/p>\n<p>\u2022 En el futuro, est\u00e1 previsto utilizar la plataforma Brevo (anteriormente conocida como Sendinblue) para la gesti\u00f3n de campa\u00f1as de email marketing y newsletters; de implementarse, dicha herramienta tratar\u00eda los datos de contacto (e-mail) de nuestros suscriptores con la \u00fanica finalidad de enviar los boletines informativos, bajo las garant\u00edas apropiadas de conformidad con la normativa de protecci\u00f3n de datos (Brevo es un servicio con sede en la UE).<\/p>\n<p>\u2022 Prestadores log\u00edsticos (transportistas): En caso de que deba realizarse un env\u00edo f\u00edsico (por ejemplo, entrega de muestras o entrega final de un producto adquirido), compartiremos con la empresa de transporte los datos estrictamente necesarios (nombre, direcci\u00f3n de entrega y contacto telef\u00f3nico del destinatario) para efectuar la entrega.<\/p>\n<p>\u2022 Asesor\u00eda contable\/fiscal: Los datos identificativos incluidos en facturas y documentaci\u00f3n contable pueden ser accesibles por nuestra asesor\u00eda o gestor\u00eda externa a efectos de cumplimiento de obligaciones fiscales y tributarias, o en auditor\u00edas financieras.<\/p>\n<p>\u2022 Autoridades u organismos oficiales: En caso de requerimiento legal, obligaci\u00f3n normativa o en el marco de un procedimiento judicial o administrativo, Zenwood puede estar obligada a facilitar datos a dichas entidades (por ejemplo, ante una inspecci\u00f3n de Hacienda, requerimientos de la Agencia Espa\u00f1ola de Protecci\u00f3n de Datos, \u00f3rganos judiciales con competencia, etc.).<\/p>\n<p>Zenwood procura asegurar que todos nuestros encargados de tratamiento ofrecen garant\u00edas suficientes en cuanto a medidas de protecci\u00f3n de datos. En ning\u00fan caso se ceder\u00e1n datos personales a terceros para finalidades ajenas a las aqu\u00ed descritas.<\/p>\n<p>Transferencias internacionales: Como regla general, tratamos y almacenamos los datos personales dentro del Espacio Econ\u00f3mico Europeo (EEE). No obstante, algunos de nuestros proveedores de tecnolog\u00eda pueden estar ubicados o pueden procesar informaci\u00f3n fuera del EEE. En particular, el uso de herramientas de an\u00e1lisis y marketing del tipo Google Analytics, Google Tag Manager o Facebook Pixel (descritas en la Pol\u00edtica de Cookies) podr\u00eda implicar transferencias internacionales de datos (por ejemplo, a servidores situados en Estados Unidos u otros pa\u00edses) operadas por Google LLC o Meta Platforms, Inc.. Zenwood \u00fanicamente emplear\u00e1 estos servicios con el consentimiento previo del usuario (obtenido mediante el banner de cookies) y, en su caso, adoptar\u00e1 las medidas necesarias para asegurar que la transferencia de datos cumple con la normativa (p. ej., mediante la firma de cl\u00e1usulas contractuales tipo aprobadas por la Comisi\u00f3n Europea, evaluaciones de adecuaci\u00f3n, etc.). El usuario puede rechazar el uso de cookies de terceros para evitar tales transferencias (ver Pol\u00edtica de Cookies m\u00e1s abajo).<\/p>\n<p>Diritti dell'interessato: Qualsiasi persona i cui dati trattiamo ha i seguenti diritti relativi ai propri dati personali:<\/p>\n<p>\u2022 Acceso: conocer qu\u00e9 datos personales tuyos tenemos y obtener copia de los mismos.<\/p>\n<p>\u2022 Rectificaci\u00f3n: solicitar la correcci\u00f3n de datos inexactos o incompletos.<\/p>\n<p>\u2022 Supresi\u00f3n (derecho al olvido): pedir la eliminaci\u00f3n de tus datos cuando, entre otros motivos, ya no sean necesarios para los fines para los que se recogieron.<\/p>\n<p>\u2022 Oposici\u00f3n: revocar el consentimiento dado o oponerte a que tratemos tus datos en base a nuestro inter\u00e9s leg\u00edtimo, por motivos relacionados con tu situaci\u00f3n particular.<\/p>\n<p>\u2022 Limitaci\u00f3n del tratamiento: solicitar que restrinjamos temporalmente el uso de tus datos en ciertos supuestos (por ejemplo, mientras se resuelve una solicitud de rectificaci\u00f3n o una impugnaci\u00f3n sobre la licitud del tratamiento).<\/p>\n<p>\u2022 Portabilidad: recibir tus datos personales en un formato estructurado, de uso com\u00fan y lectura mec\u00e1nica, y transmitirlos a otro responsable, cuando sea t\u00e9cnicamente posible y el tratamiento se base en tu consentimiento o en un contrato.<\/p>\n<p>Allo stesso modo, hai il diritto di non essere soggetto a decisioni automatizzate basate esclusivamente sul trattamento automatizzato dei tuoi dati (Zenwood attualmente non realizza profili completamente automatizzati con effetti legali per l'utente).<\/p>\n<p>Para ejercer tus derechos, puedes enviar en cualquier momento una solicitud gratuita a hola@zenwood.es indicando claramente qu\u00e9 derecho deseas ejercer y sobre qu\u00e9 datos. Deber\u00e1s adjuntar copia de un documento v\u00e1lido que acredite tu identidad (p. ej., DNI o NIE) para verificar que eres el titular de los datos. Atenderemos tu solicitud en los plazos previstos por la normativa (m\u00e1ximo 1 mes, ampliable a 2 meses para casos complejos, notific\u00e1ndote la extensi\u00f3n). Si consideras que no hemos gestionado correctamente tu petici\u00f3n o que existe una infracci\u00f3n en el tratamiento de tus datos, tambi\u00e9n tienes derecho a presentar una reclamaci\u00f3n ante la Agencia Espa\u00f1ola de Protecci\u00f3n de Datos (AEPD), a trav\u00e9s de su sitio web www.aepd.es.<\/p>\n<p>Sicurezza dei dati: Zenwood adotta adeguate misure di sicurezza tecniche e organizzative per proteggere i dati personali sotto la propria responsabilit\u00e0, evitando, per quanto possibile, accessi non autorizzati, alterazioni, perdite o divulgazioni non autorizzate. Queste misure includono, tra le altre cose, la crittografia delle comunicazioni (sito web con protocollo HTTPS), il controllo dell'accesso ai database, i backup periodici e gli accordi di riservatezza con fornitori e dipendenti con accesso alle informazioni. Sebbene nessun sistema sia completamente sicuro, Zenwood applica standard di protezione conformi alle normative vigenti per salvaguardare la tua privacy.<\/p>\n<p>Utilizzo di cookie e dati di navigazione: Il Sito utilizza cookie e tecnologie di tracciamento simili che potrebbero raccogliere alcuni dati di navigazione (ad esempio indirizzo IP, abitudini di visita, sezioni consultate). Queste tecnologie e il loro scopo specifico sono dettagliati nella Politica sui cookie di questo documento. L'installazione di cookie analitici o pubblicitari viene effettuata solo con il consenso dell'utente, richiesto tramite il banner pop-up al primo accesso al Sito. Per ulteriori informazioni sui cookie che utilizziamo e su come gestirli, consultare la sezione Politica sui cookie di seguito.<\/p>\n<p>Si tienes cualquier duda sobre esta Pol\u00edtica de Privacidad o el tratamiento de tus datos personales, no dudes en contactarnos a trav\u00e9s del correo hola@zenwood.es. Estaremos atentos para resolver tus consultas en materia de privacidad.<\/p>\n\t\t\t\t\t\t\t\t<\/div>\n\t\t\t\t\t<\/div>\n\t\t\t\t<\/div>\n\t\t\t\t<\/div>","protected":false},"excerpt":{"rendered":"<p>Pol\u00edtica de Privacidad (RGPD) Zenwood Solutions, S.L. est\u00e1 comprometida con la protecci\u00f3n de los datos personales de los usuarios y clientes, cumpliendo con lo establecido en el Reglamento (UE) 2016\/679 General de Protecci\u00f3n de Datos (RGPD) y la Ley Org\u00e1nica 3\/2018, de Protecci\u00f3n de Datos Personales y garant\u00eda de los derechos digitales (LOPDGDD). A continuaci\u00f3n, [&hellip;]<\/p>\n","protected":false},"author":5,"featured_media":0,"parent":0,"menu_order":0,"comment_status":"closed","ping_status":"open","template":"elementor_header_footer","meta":{"_acf_changed":false,"_joinchat":[],"footnotes":""},"class_list":["post-3","page","type-page","status-publish","hentry"],"acf":[],"yoast_head":"<!-- This site is optimized with the Yoast SEO plugin v27.4 - https:\/\/yoast.com\/product\/yoast-seo-wordpress\/ -->\n<title>Pol\u00edtica de privacidad - Zenwood<\/title>\n<meta name=\"robots\" content=\"index, follow, max-snippet:-1, max-image-preview:large, max-video-preview:-1\" \/>\n<link rel=\"canonical\" href=\"https:\/\/zenwood.es\/it\/privacy-policy\/\" \/>\n<meta property=\"og:locale\" content=\"it_IT\" \/>\n<meta property=\"og:type\" content=\"article\" \/>\n<meta property=\"og:title\" content=\"Pol\u00edtica de privacidad - Zenwood\" \/>\n<meta property=\"og:description\" content=\"Pol\u00edtica de Privacidad (RGPD) Zenwood Solutions, S.L. est\u00e1 comprometida con la protecci\u00f3n de los datos personales de los usuarios y clientes, cumpliendo con lo establecido en el Reglamento (UE) 2016\/679 General de Protecci\u00f3n de Datos (RGPD) y la Ley Org\u00e1nica 3\/2018, de Protecci\u00f3n de Datos Personales y garant\u00eda de los derechos digitales (LOPDGDD). A continuaci\u00f3n, [&hellip;]\" \/>\n<meta property=\"og:url\" content=\"https:\/\/zenwood.es\/it\/privacy-policy\/\" \/>\n<meta property=\"og:site_name\" content=\"Zenwood\" \/>\n<meta property=\"article:publisher\" content=\"https:\/\/www.facebook.com\/zenwoodes\/\" \/>\n<meta property=\"article:modified_time\" content=\"2025-09-19T12:27:20+00:00\" \/>\n<meta property=\"og:image\" content=\"https:\/\/zenwood.es\/wp-content\/uploads\/2025\/05\/Frame-50-2.png\" \/>\n<meta name=\"twitter:card\" content=\"summary_large_image\" \/>\n<meta name=\"twitter:label1\" content=\"Tempo di lettura stimato\" \/>\n\t<meta name=\"twitter:data1\" content=\"8 minuti\" \/>\n<script type=\"application\/ld+json\" class=\"yoast-schema-graph\">{\"@context\":\"https:\\\/\\\/schema.org\",\"@graph\":[{\"@type\":\"WebPage\",\"@id\":\"https:\\\/\\\/zenwood.es\\\/privacy-policy\\\/\",\"url\":\"https:\\\/\\\/zenwood.es\\\/privacy-policy\\\/\",\"name\":\"Pol\u00edtica de privacidad - Zenwood\",\"isPartOf\":{\"@id\":\"https:\\\/\\\/zenwood.es\\\/#website\"},\"primaryImageOfPage\":{\"@id\":\"https:\\\/\\\/zenwood.es\\\/privacy-policy\\\/#primaryimage\"},\"image\":{\"@id\":\"https:\\\/\\\/zenwood.es\\\/privacy-policy\\\/#primaryimage\"},\"thumbnailUrl\":\"https:\\\/\\\/zenwood.es\\\/wp-content\\\/uploads\\\/2025\\\/05\\\/Frame-50-2.png\",\"datePublished\":\"2025-05-15T19:08:15+00:00\",\"dateModified\":\"2025-09-19T12:27:20+00:00\",\"breadcrumb\":{\"@id\":\"https:\\\/\\\/zenwood.es\\\/privacy-policy\\\/#breadcrumb\"},\"inLanguage\":\"it-IT\",\"potentialAction\":[{\"@type\":\"ReadAction\",\"target\":[\"https:\\\/\\\/zenwood.es\\\/privacy-policy\\\/\"]}]},{\"@type\":\"ImageObject\",\"inLanguage\":\"it-IT\",\"@id\":\"https:\\\/\\\/zenwood.es\\\/privacy-policy\\\/#primaryimage\",\"url\":\"https:\\\/\\\/zenwood.es\\\/wp-content\\\/uploads\\\/2025\\\/05\\\/Frame-50-2.png\",\"contentUrl\":\"https:\\\/\\\/zenwood.es\\\/wp-content\\\/uploads\\\/2025\\\/05\\\/Frame-50-2.png\"},{\"@type\":\"BreadcrumbList\",\"@id\":\"https:\\\/\\\/zenwood.es\\\/privacy-policy\\\/#breadcrumb\",\"itemListElement\":[{\"@type\":\"ListItem\",\"position\":1,\"name\":\"Portada\",\"item\":\"https:\\\/\\\/zenwood.es\\\/\"},{\"@type\":\"ListItem\",\"position\":2,\"name\":\"Pol\u00edtica de privacidad\"}]},{\"@type\":\"WebSite\",\"@id\":\"https:\\\/\\\/zenwood.es\\\/#website\",\"url\":\"https:\\\/\\\/zenwood.es\\\/\",\"name\":\"Zenwood\",\"description\":\"touched by nature\",\"publisher\":{\"@id\":\"https:\\\/\\\/zenwood.es\\\/#organization\"},\"potentialAction\":[{\"@type\":\"SearchAction\",\"target\":{\"@type\":\"EntryPoint\",\"urlTemplate\":\"https:\\\/\\\/zenwood.es\\\/?s={search_term_string}\"},\"query-input\":{\"@type\":\"PropertyValueSpecification\",\"valueRequired\":true,\"valueName\":\"search_term_string\"}}],\"inLanguage\":\"it-IT\"},{\"@type\":\"Organization\",\"@id\":\"https:\\\/\\\/zenwood.es\\\/#organization\",\"name\":\"Zenwood\",\"url\":\"https:\\\/\\\/zenwood.es\\\/\",\"logo\":{\"@type\":\"ImageObject\",\"inLanguage\":\"it-IT\",\"@id\":\"https:\\\/\\\/zenwood.es\\\/#\\\/schema\\\/logo\\\/image\\\/\",\"url\":\"https:\\\/\\\/zenwood.es\\\/wp-content\\\/uploads\\\/2025\\\/05\\\/logo-1.png\",\"contentUrl\":\"https:\\\/\\\/zenwood.es\\\/wp-content\\\/uploads\\\/2025\\\/05\\\/logo-1.png\",\"width\":524,\"height\":83,\"caption\":\"Zenwood\"},\"image\":{\"@id\":\"https:\\\/\\\/zenwood.es\\\/#\\\/schema\\\/logo\\\/image\\\/\"},\"sameAs\":[\"https:\\\/\\\/www.facebook.com\\\/zenwoodes\\\/\",\"https:\\\/\\\/www.instagram.com\\\/zenwoodes\",\"https:\\\/\\\/www.linkedin.com\\\/company\\\/zenwoodes\\\/\",\"https:\\\/\\\/www.youtube.com\\\/@ZENWOODes\"]}]}<\/script>\n<!-- \/ Yoast SEO plugin. -->","yoast_head_json":{"title":"Pol\u00edtica de privacidad - Zenwood","robots":{"index":"index","follow":"follow","max-snippet":"max-snippet:-1","max-image-preview":"max-image-preview:large","max-video-preview":"max-video-preview:-1"},"canonical":"https:\/\/zenwood.es\/it\/privacy-policy\/","og_locale":"it_IT","og_type":"article","og_title":"Pol\u00edtica de privacidad - Zenwood","og_description":"Pol\u00edtica de Privacidad (RGPD) Zenwood Solutions, S.L. est\u00e1 comprometida con la protecci\u00f3n de los datos personales de los usuarios y clientes, cumpliendo con lo establecido en el Reglamento (UE) 2016\/679 General de Protecci\u00f3n de Datos (RGPD) y la Ley Org\u00e1nica 3\/2018, de Protecci\u00f3n de Datos Personales y garant\u00eda de los derechos digitales (LOPDGDD). A continuaci\u00f3n, [&hellip;]","og_url":"https:\/\/zenwood.es\/it\/privacy-policy\/","og_site_name":"Zenwood","article_publisher":"https:\/\/www.facebook.com\/zenwoodes\/","article_modified_time":"2025-09-19T12:27:20+00:00","og_image":[{"url":"https:\/\/zenwood.es\/wp-content\/uploads\/2025\/05\/Frame-50-2.png","type":"","width":"","height":""}],"twitter_card":"summary_large_image","twitter_misc":{"Tempo di lettura stimato":"8 minuti"},"schema":{"@context":"https:\/\/schema.org","@graph":[{"@type":"WebPage","@id":"https:\/\/zenwood.es\/privacy-policy\/","url":"https:\/\/zenwood.es\/privacy-policy\/","name":"Pol\u00edtica de privacidad - Zenwood","isPartOf":{"@id":"https:\/\/zenwood.es\/#website"},"primaryImageOfPage":{"@id":"https:\/\/zenwood.es\/privacy-policy\/#primaryimage"},"image":{"@id":"https:\/\/zenwood.es\/privacy-policy\/#primaryimage"},"thumbnailUrl":"https:\/\/zenwood.es\/wp-content\/uploads\/2025\/05\/Frame-50-2.png","datePublished":"2025-05-15T19:08:15+00:00","dateModified":"2025-09-19T12:27:20+00:00","breadcrumb":{"@id":"https:\/\/zenwood.es\/privacy-policy\/#breadcrumb"},"inLanguage":"it-IT","potentialAction":[{"@type":"ReadAction","target":["https:\/\/zenwood.es\/privacy-policy\/"]}]},{"@type":"ImageObject","inLanguage":"it-IT","@id":"https:\/\/zenwood.es\/privacy-policy\/#primaryimage","url":"https:\/\/zenwood.es\/wp-content\/uploads\/2025\/05\/Frame-50-2.png","contentUrl":"https:\/\/zenwood.es\/wp-content\/uploads\/2025\/05\/Frame-50-2.png"},{"@type":"BreadcrumbList","@id":"https:\/\/zenwood.es\/privacy-policy\/#breadcrumb","itemListElement":[{"@type":"ListItem","position":1,"name":"Portada","item":"https:\/\/zenwood.es\/"},{"@type":"ListItem","position":2,"name":"Pol\u00edtica de privacidad"}]},{"@type":"WebSite","@id":"https:\/\/zenwood.es\/#website","url":"https:\/\/zenwood.es\/","name":"Zenwood","description":"touched by nature","publisher":{"@id":"https:\/\/zenwood.es\/#organization"},"potentialAction":[{"@type":"SearchAction","target":{"@type":"EntryPoint","urlTemplate":"https:\/\/zenwood.es\/?s={search_term_string}"},"query-input":{"@type":"PropertyValueSpecification","valueRequired":true,"valueName":"search_term_string"}}],"inLanguage":"it-IT"},{"@type":"Organization","@id":"https:\/\/zenwood.es\/#organization","name":"Zenwood","url":"https:\/\/zenwood.es\/","logo":{"@type":"ImageObject","inLanguage":"it-IT","@id":"https:\/\/zenwood.es\/#\/schema\/logo\/image\/","url":"https:\/\/zenwood.es\/wp-content\/uploads\/2025\/05\/logo-1.png","contentUrl":"https:\/\/zenwood.es\/wp-content\/uploads\/2025\/05\/logo-1.png","width":524,"height":83,"caption":"Zenwood"},"image":{"@id":"https:\/\/zenwood.es\/#\/schema\/logo\/image\/"},"sameAs":["https:\/\/www.facebook.com\/zenwoodes\/","https:\/\/www.instagram.com\/zenwoodes","https:\/\/www.linkedin.com\/company\/zenwoodes\/","https:\/\/www.youtube.com\/@ZENWOODes"]}]}},"_links":{"self":[{"href":"https:\/\/zenwood.es\/it\/wp-json\/wp\/v2\/pages\/3","targetHints":{"allow":["GET"]}}],"collection":[{"href":"https:\/\/zenwood.es\/it\/wp-json\/wp\/v2\/pages"}],"about":[{"href":"https:\/\/zenwood.es\/it\/wp-json\/wp\/v2\/types\/page"}],"author":[{"embeddable":true,"href":"https:\/\/zenwood.es\/it\/wp-json\/wp\/v2\/users\/5"}],"replies":[{"embeddable":true,"href":"https:\/\/zenwood.es\/it\/wp-json\/wp\/v2\/comments?post=3"}],"version-history":[{"count":21,"href":"https:\/\/zenwood.es\/it\/wp-json\/wp\/v2\/pages\/3\/revisions"}],"predecessor-version":[{"id":4812,"href":"https:\/\/zenwood.es\/it\/wp-json\/wp\/v2\/pages\/3\/revisions\/4812"}],"wp:attachment":[{"href":"https:\/\/zenwood.es\/it\/wp-json\/wp\/v2\/media?parent=3"}],"curies":[{"name":"wp","href":"https:\/\/api.w.org\/{rel}","templated":true}]}}